{"id":13,"date":"2017-10-18T16:30:15","date_gmt":"2017-10-18T16:30:15","guid":{"rendered":"http:\/\/www.muvh.gov.py\/comitenacionaldelhabitat\/?page_id=13"},"modified":"2023-04-20T12:23:13","modified_gmt":"2023-04-20T12:23:13","slug":"cnh","status":"publish","type":"page","link":"https:\/\/www.muvh.gov.py\/comitenacionaldelhabitat\/cnh\/","title":{"rendered":"\u00bfQu\u00e9 es el CNH?"},"content":{"rendered":"<div class=\"cajadetitulo\" style=\"text-align: justify;\">\u00a0\u00bfQu\u00e9 es el Comit\u00e9 Nacional del H\u00e1bitat?<\/div>\n<div style=\"text-align: justify;\">\n<p style=\"text-align: justify;\">El Comit\u00e9 Nacional de H\u00e1bitat (CNH) es una instancia articuladora y pre-opinante de temas referentes a Vivienda y Desarrollo Urbano Sostenible, conformado por <span style=\"text-decoration: underline; color: #0000ff;\"><a style=\"color: #0000ff; text-decoration: underline;\" href=\"http:\/\/www.senavitat.gov.py\/comitenacionaldelhabitat\/wp-content\/uploads\/sites\/15\/2017\/12\/DECERTO6043_4pqy99r8.pdf\">Decreto Presidencial Nro.6043\/16<\/a><\/span>\u00a0 y ampliado por el <span style=\"text-decoration: underline; color: #0000ff;\"><a style=\"color: #0000ff; text-decoration: underline;\" href=\"http:\/\/www.senavitat.gov.py\/comitenacionaldelhabitat\/wp-content\/uploads\/sites\/15\/2017\/12\/DECRETO7559_fhe14h44.pdf\">Decreto Presidencial Nro.7559\/17<\/a>.<\/span><\/p>\n<p style=\"text-align: justify;\"><strong>\u00bfC\u00f3mo est\u00e1 conformado el Comit\u00e9?<\/strong><\/p>\n<\/div>\n<p style=\"text-align: justify;\"><span style=\"font-weight: 400;\">El CNH est\u00e1 conformado por dos instancias, una ejecutiva y otra consultiva. <\/span><\/p>\n<p style=\"text-align: justify;\"><span style=\"font-weight: 400;\">El <\/span><span style=\"font-weight: 400;\">Subcomit\u00e9 Ejecutivo<\/span><span style=\"font-weight: 400;\">, lidera los procesos deliberativos y est\u00e1 conformado por las autoridades m\u00e1ximas de las instituciones p\u00fablicas del poder ejecutivo, claves en materia de desarrollo. <\/span><\/p>\n<p style=\"text-align: justify;\"><span style=\"font-weight: 400;\">El <\/span><span style=\"font-weight: 400;\">Subcomit\u00e9 T\u00e9cnico<\/span><span style=\"font-weight: 400;\">, est\u00e1 conformado por representantes designados por cada \u00a0instituci\u00f3n miembro del comit\u00e9, y divide sus labores en tres grupos de trabajo vinculado a los ejes principales de la Nueva Agenda Urbana (NAU): <\/span><\/p>\n<p style=\"text-align: justify;\"><span style=\"font-weight: 400;\">1.Planificaci\u00f3n y Dise\u00f1o<\/span><\/p>\n<p style=\"text-align: justify;\"><span style=\"font-weight: 400;\">2. Gobernanza e Institucionalidad<\/span><\/p>\n<p style=\"text-align: justify;\"><span style=\"font-weight: 400;\">3.Financiamiento<\/span><\/p>\n<p style=\"text-align: justify;\"><span style=\"font-weight: 400;\">Sobre\u200b \u200bestos\u200b \u200bejes,\u200bvinculados a la Nueva Agenda Urbana\u200b \u200bexpresa\u200b \u200blo\u200b \u200bsiguiente: \u00a0<\/span><\/p>\n<p style=\"text-align: justify;\"><i><span style=\"font-weight: 400;\"> \u201cEl presente documento expone una estructura de an\u00e1lisis enfocada en los procesos urbanos dentro de un cont\u00ednuum territorial y sus v\u00ednculos con las pol\u00edticas p\u00fablicas bajo tres ejes principales, los que pueden ser considerados como instrumentos transversales y que deben estar presente en toda pol\u00edtica de desarrollo urbano sostenible que precise ser implementada: planificaci\u00f3n y dise\u00f1o, gobernanza e institucionalidad, y financiamiento. Se propone que tales ejes instrumentales y transversales constituyan la base de una agenda urbana propia en la regi\u00f3n, y que a trav\u00e9s de ellos, se establezcan los mecanismos necesarios para su materializaci\u00f3n\u201d\u00a0<\/span><\/i><a href=\"https:\/\/www.cepal.org\/es\"><i><span style=\"font-weight: 400;\">https:\/\/www.cepal.org\/es<\/span><\/i><\/a><\/p>\n<p style=\"text-align: justify;\"><span style=\"font-weight: 400;\">Por lo tanto, los referidos ejes no son s\u00f3lo un modo de organizar la discusi\u00f3n de pol\u00edticas p\u00fablicas sobre vivienda y h\u00e1bitat, sino un modo pr\u00e1ctico de monitorear y hacer comparables las agendas urbanas de Latinoam\u00e9rica y el Caribe, en el futuro pr\u00f3ximo.<\/span><\/p>\n<p><strong>\u00bfCu\u00e1les son sus funciones?<\/strong><\/p>\n<ol style=\"text-align: justify;\">\n<li style=\"font-weight: 400; text-align: justify;\"><span style=\"font-weight: 400;\">Dar seguimiento a la implementaci\u00f3n de la <\/span><a href=\"http:\/\/habitat3.org\/wp-content\/uploads\/NUA-Spanish.pdf\"><strong><span style=\"text-decoration: underline;\"><span style=\"color: #0000ff; text-decoration: underline;\">Nueva Agenda Urbana- NAU<\/span><\/span><\/strong><\/a><span style=\"font-weight: 400;\">, aprobada en la Tercera Conferencia Mundial sobre Vivienda y Desarrollo Urbano Sostenible \u2013 <\/span><strong><span style=\"text-decoration: underline;\"><span style=\"color: #0000ff; text-decoration: underline;\"><a style=\"color: #0000ff; text-decoration: underline;\" href=\"http:\/\/habitat3.org\/\">H\u00e1bitat III<\/a><\/span><\/span><\/strong><span style=\"font-weight: 400;\">;<\/span><\/li>\n<li style=\"font-weight: 400; text-align: justify;\"><span style=\"font-weight: 400;\">Apoyar los procesos de actualizaci\u00f3n de la pol\u00edtica nacional sobre vivienda y h\u00e1bitat;<\/span><\/li>\n<li style=\"font-weight: 400; text-align: justify;\"><span style=\"font-weight: 400;\">Cooperar con la Secretar\u00eda Nacional de la Vivienda y del H\u00e1bitat para la correcta implementaci\u00f3n de la pol\u00edtica nacional de vivienda y h\u00e1bitat;<\/span><\/li>\n<li style=\"font-weight: 400; text-align: justify;\"><span style=\"font-weight: 400;\">Participar en la elaboraci\u00f3n de informes nacionales y documentos oficiales con respecto a las acciones para la implementaci\u00f3n del <\/span><strong><span style=\"text-decoration: underline;\"><span style=\"color: #0000ff;\"><a style=\"color: #0000ff;\" href=\"http:\/\/www.un.org\/sustainabledevelopment\/es\/objetivos-de-desarrollo-sostenible\/\">Objetivo de Desarrollo Sostenible 11<\/a><\/span><\/span><\/strong><span style=\"font-weight: 400;\"> y la Nueva Agenda Urbana.<\/span><\/li>\n<li style=\"font-weight: 400; text-align: justify;\"><span style=\"font-weight: 400;\">Promover acciones para impulsar la gesti\u00f3n de conocimiento sobre temas referentes a lo abordado por el Comit\u00e9; y <\/span><\/li>\n<li style=\"font-weight: 400; text-align: justify;\"><span style=\"font-weight: 400;\">Otras actividades a ser determinadas en su reglamentaci\u00f3n.<\/span><\/li>\n<\/ol>\n<p style=\"text-align: justify;\"><span style=\"font-weight: 400;\">El Comit\u00e9 podr\u00e1 por mayor\u00eda de sus miembros incorporar a otras instituciones interesadas en participar en la implementaci\u00f3n de la Nueva Agenda Urbana. <\/span><\/p>\n","protected":false},"excerpt":{"rendered":"<p>\u00a0\u00bfQu\u00e9 es el Comit\u00e9 Nacional del H\u00e1bitat? El Comit\u00e9 Nacional de H\u00e1bitat (CNH) es una instancia articuladora&#8230;<\/p>\n","protected":false},"author":1,"featured_media":0,"parent":0,"menu_order":0,"comment_status":"closed","ping_status":"closed","template":"","meta":{"footnotes":""},"class_list":["post-13","page","type-page","status-publish","hentry"],"_links":{"self":[{"href":"https:\/\/www.muvh.gov.py\/comitenacionaldelhabitat\/wp-json\/wp\/v2\/pages\/13","targetHints":{"allow":["GET"]}}],"collection":[{"href":"https:\/\/www.muvh.gov.py\/comitenacionaldelhabitat\/wp-json\/wp\/v2\/pages"}],"about":[{"href":"https:\/\/www.muvh.gov.py\/comitenacionaldelhabitat\/wp-json\/wp\/v2\/types\/page"}],"author":[{"embeddable":true,"href":"https:\/\/www.muvh.gov.py\/comitenacionaldelhabitat\/wp-json\/wp\/v2\/users\/1"}],"replies":[{"embeddable":true,"href":"https:\/\/www.muvh.gov.py\/comitenacionaldelhabitat\/wp-json\/wp\/v2\/comments?post=13"}],"version-history":[{"count":2,"href":"https:\/\/www.muvh.gov.py\/comitenacionaldelhabitat\/wp-json\/wp\/v2\/pages\/13\/revisions"}],"predecessor-version":[{"id":685,"href":"https:\/\/www.muvh.gov.py\/comitenacionaldelhabitat\/wp-json\/wp\/v2\/pages\/13\/revisions\/685"}],"wp:attachment":[{"href":"https:\/\/www.muvh.gov.py\/comitenacionaldelhabitat\/wp-json\/wp\/v2\/media?parent=13"}],"curies":[{"name":"wp","href":"https:\/\/api.w.org\/{rel}","templated":true}]}}