{"id":109,"date":"2019-07-31T14:34:18","date_gmt":"2019-07-31T14:34:18","guid":{"rendered":"https:\/\/www.muvh.gov.py\/mejoramientodeviviendayhabitat\/?page_id=109"},"modified":"2019-07-31T14:34:18","modified_gmt":"2019-07-31T14:34:18","slug":"fortalecimiento-institucional","status":"publish","type":"page","link":"https:\/\/www.muvh.gov.py\/mejoramientodeviviendayhabitat\/fortalecimiento-institucional\/","title":{"rendered":"Fortalecimiento Institucional"},"content":{"rendered":"<p><img loading=\"lazy\" decoding=\"async\" class=\"wp-image-335 aligncenter\" src=\"https:\/\/www.muvh.gov.py\/mejoramientodeviviendayhabitat\/wp-content\/uploads\/sites\/11\/2019\/08\/Captura-262x300.png\" alt=\"\" width=\"199\" height=\"228\" srcset=\"https:\/\/www.muvh.gov.py\/mejoramientodeviviendayhabitat\/wp-content\/uploads\/sites\/4\/2019\/08\/Captura-262x300.png 262w, https:\/\/www.muvh.gov.py\/mejoramientodeviviendayhabitat\/wp-content\/uploads\/sites\/4\/2019\/08\/Captura.png 628w\" sizes=\"auto, (max-width: 199px) 100vw, 199px\" \/><\/p>\n<p>El Proyecto de Fortalecimiento Institucional tiene como objetivos:<\/p>\n<ul>\n<li>Agilizar los tr\u00e1mites y el mejoramiento de procesos.<\/li>\n<\/ul>\n<p><!-- \/wp:post-content -->\n<!-- wp:paragraph --><\/p>\n<ul>\n<li>Instalar un sistema integrado de informaci\u00f3n, gesti\u00f3n y supervisi\u00f3n de subsidios y proyectos habitacionales.<\/li>\n<\/ul>\n<p><!-- \/wp:paragraph -->\n<!-- wp:paragraph --><\/p>\n<ul>\n<li>Mejorar los controles internos e informaci\u00f3n.<\/li>\n<\/ul>\n<p><!-- \/wp:paragraph -->\n<!-- wp:paragraph --><\/p>\n<ul>\n<li>Fortalecer la capacidad de trabajo integral y multisectorial.<\/li>\n<\/ul>\n<div class=\"cintillos\">COSTO DEL PROYECTO<\/div>\n<p>El costo total del Proyecto en el Componente III, asciende a 815.000 USD (ochocientos quince mil d\u00f3lares americanos), financiados con cr\u00e9dito del Banco Interamericano de Desarrollo (BID).<\/p>","protected":false},"excerpt":{"rendered":"<p>El Proyecto de Fortalecimiento Institucional tiene como objetivos: Agilizar los tr\u00e1mites y el mejoramiento de procesos. Instalar&#8230;<\/p>\n","protected":false},"author":1,"featured_media":0,"parent":0,"menu_order":0,"comment_status":"closed","ping_status":"closed","template":"","meta":{"footnotes":""},"class_list":["post-109","page","type-page","status-publish","hentry"],"_links":{"self":[{"href":"https:\/\/www.muvh.gov.py\/mejoramientodeviviendayhabitat\/wp-json\/wp\/v2\/pages\/109","targetHints":{"allow":["GET"]}}],"collection":[{"href":"https:\/\/www.muvh.gov.py\/mejoramientodeviviendayhabitat\/wp-json\/wp\/v2\/pages"}],"about":[{"href":"https:\/\/www.muvh.gov.py\/mejoramientodeviviendayhabitat\/wp-json\/wp\/v2\/types\/page"}],"author":[{"embeddable":true,"href":"https:\/\/www.muvh.gov.py\/mejoramientodeviviendayhabitat\/wp-json\/wp\/v2\/users\/1"}],"replies":[{"embeddable":true,"href":"https:\/\/www.muvh.gov.py\/mejoramientodeviviendayhabitat\/wp-json\/wp\/v2\/comments?post=109"}],"version-history":[{"count":0,"href":"https:\/\/www.muvh.gov.py\/mejoramientodeviviendayhabitat\/wp-json\/wp\/v2\/pages\/109\/revisions"}],"wp:attachment":[{"href":"https:\/\/www.muvh.gov.py\/mejoramientodeviviendayhabitat\/wp-json\/wp\/v2\/media?parent=109"}],"curies":[{"name":"wp","href":"https:\/\/api.w.org\/{rel}","templated":true}]}}