{"id":345,"date":"2019-08-26T13:50:47","date_gmt":"2019-08-26T13:50:47","guid":{"rendered":"https:\/\/www.muvh.gov.py\/mejoramientodeviviendayhabitat\/?page_id=345"},"modified":"2022-01-13T18:31:38","modified_gmt":"2022-01-13T18:31:38","slug":"pasos-para-la-pre-inscripcion","status":"publish","type":"page","link":"https:\/\/www.muvh.gov.py\/mejoramientodeviviendayhabitat\/pasos-para-la-pre-inscripcion\/","title":{"rendered":"Pasos para la Pre inscripci\u00f3n"},"content":{"rendered":"<p style=\"text-align: justify\">Estos son los requisitos y pasos para los interesados en acceder al beneficio al Aporte Estatal:<\/p>\n<ol style=\"text-align: justify\">\n<li>No haber recibido subsidio habitacional.<\/li>\n<li>Para ser beneficiario el grupo familiar debe estar integrado m\u00ednimo por dos personas.<\/li>\n<li>El solicitante y c\u00f3nyuge o pareja, si es que lo tiene, en conjunto no deben superar los Gs. 3,5 Unidades de Salario M\u00ednimo de ingreso mensual.<\/li>\n<li>Contar con documentos que acrediten la posesi\u00f3n legal de la vivienda donde reside y necesita ser ampliada y\/o mejorada.<\/li>\n<li>Microcr\u00e9dito y\/o ahorro previo de 1.000.000 en una de estas Cooperativas Aliadas:<\/li>\n<\/ol>\n<p>&nbsp;<\/p>\n<ol style=\"text-align: justify\">\n<li>Cooperativa Mburicao<\/li>\n<li>Cooperativa Luque<\/li>\n<li>Cooperativa \u00d1emby<\/li>\n<li>Cooperativa 24 de Octubre<\/li>\n<li>Cooperativa 8 de Marzo<\/li>\n<li>Cooperativa Mercado 4<\/li>\n<li>Cooperativa Medalla Milagrosa<\/li>\n<li>Cooperativa Yoayu<\/li>\n<li>Cooperativa Nazareth<\/li>\n<li>Cooperativa San Lorenzo<\/li>\n<li>Cooperativa Coopersan<\/li>\n<li>Cooperativa Copacons<\/li>\n<li>Cooperativa Reducto<\/li>\n<li>Cooperativa Coopexsanjo<\/li>\n<li>Cooperativa Capiat\u00e1<\/li>\n<li>Cooperativa Sagrados Corazones<\/li>\n<li>Cooperativa 19 de Marzo<\/li>\n<\/ol>\n<p style=\"text-align: justify\">Si no est\u00e1 asociado a una de las Cooperativas anteriores, debe asociarse y solicitar el microcr\u00e9dito.<\/p>\n<ol start=\"8\">\n<li style=\"text-align: justify\">La preinscripci\u00f3n no significa necesariamente que ha calificado para el proyecto, ya que debe pasar por un proceso de an\u00e1lisis y aprobaci\u00f3n.<\/li>\n<\/ol>\n","protected":false},"excerpt":{"rendered":"<p>Estos son los requisitos y pasos para los interesados en acceder al beneficio al Aporte Estatal: No&#8230;<\/p>\n","protected":false},"author":1,"featured_media":0,"parent":0,"menu_order":0,"comment_status":"closed","ping_status":"closed","template":"","meta":{"footnotes":""},"class_list":["post-345","page","type-page","status-publish","hentry"],"_links":{"self":[{"href":"https:\/\/www.muvh.gov.py\/mejoramientodeviviendayhabitat\/wp-json\/wp\/v2\/pages\/345","targetHints":{"allow":["GET"]}}],"collection":[{"href":"https:\/\/www.muvh.gov.py\/mejoramientodeviviendayhabitat\/wp-json\/wp\/v2\/pages"}],"about":[{"href":"https:\/\/www.muvh.gov.py\/mejoramientodeviviendayhabitat\/wp-json\/wp\/v2\/types\/page"}],"author":[{"embeddable":true,"href":"https:\/\/www.muvh.gov.py\/mejoramientodeviviendayhabitat\/wp-json\/wp\/v2\/users\/1"}],"replies":[{"embeddable":true,"href":"https:\/\/www.muvh.gov.py\/mejoramientodeviviendayhabitat\/wp-json\/wp\/v2\/comments?post=345"}],"version-history":[{"count":3,"href":"https:\/\/www.muvh.gov.py\/mejoramientodeviviendayhabitat\/wp-json\/wp\/v2\/pages\/345\/revisions"}],"predecessor-version":[{"id":1456,"href":"https:\/\/www.muvh.gov.py\/mejoramientodeviviendayhabitat\/wp-json\/wp\/v2\/pages\/345\/revisions\/1456"}],"wp:attachment":[{"href":"https:\/\/www.muvh.gov.py\/mejoramientodeviviendayhabitat\/wp-json\/wp\/v2\/media?parent=345"}],"curies":[{"name":"wp","href":"https:\/\/api.w.org\/{rel}","templated":true}]}}