{"id":79,"date":"2019-07-31T14:11:32","date_gmt":"2019-07-31T14:11:32","guid":{"rendered":"https:\/\/www.muvh.gov.py\/mejoramientodeviviendayhabitat\/?page_id=79"},"modified":"2022-02-24T16:44:23","modified_gmt":"2022-02-24T16:44:23","slug":"informacion-ama","status":"publish","type":"page","link":"https:\/\/www.muvh.gov.py\/mejoramientodeviviendayhabitat\/informacion-ama\/","title":{"rendered":"Informaci\u00f3n AMA"},"content":{"rendered":"<p><a href=\"https:\/\/www.muvh.gov.py\/mejoramientodeviviendayhabitat\/wp-content\/uploads\/sites\/4\/2022\/02\/ANEXO-A1-FICHA-DE-INSCRIPCION_POSTULACION-Modificado.pdf\" class=\"pdfemb-viewer\" style=\"\" data-width=\"max\" data-height=\"max\" data-toolbar=\"bottom\" data-toolbar-fixed=\"off\">ANEXO A1 FICHA DE INSCRIPCION_POSTULACION Modificado<\/a>[<\/p>\nFormulario de inscripci\u00f3n\u00a0\n\u00a0\nProyecto AMA\n<p><!-- \/wp:post-content --><\/p>\n<p><!-- wp:paragraph --><\/p>\n<p style=\"text-align: justify\">El objetivo general del proyecto es contribuir a reducir el d\u00e9ficit cualitativo de viviendas en el AMA (\u00c1rea Metropolitana de Asunci\u00f3n), a trav\u00e9s de la entrega de aproximadamente 2.000 (dos mil), subsidios habitacionales directos. El proyecto contribuir\u00e1 a que la poblaci\u00f3n con bajos ingresos tenga acceso a un esquema de financiamiento que les permita el mejoramiento y ampliaci\u00f3n de sus viviendas.<\/p>\n<p><!-- \/wp:paragraph --><\/p>\n<p><!-- wp:paragraph --><\/p>\n<p style=\"text-align: justify\">Se ejecuta en el marco del Componente I del programa de Mejoramiento de Vivienda y H\u00e1bitat. Para ello cuenta con un pr\u00e9stamo otorgado por el Banco Interamericano de Desarrollo (BID) por un valor de USD 10 millones.<\/p>\n<p><!-- \/wp:paragraph --><\/p>\n<p><!-- wp:heading --><\/p>\nQUIENES PUEDEN ACCEDER A ESTE PROYECTO\n<p><!-- \/wp:heading --><\/p>\n<p><!-- wp:paragraph --><\/p>\n<p>Pueden postular a esta ayuda estatal las familias que perciban hasta 3,5 unidades de salario m\u00ednimo y posean un inmueble propio o con el 50% del pago del inmueble, en situaci\u00f3n deterioro o con necesidad de mejoras. En contrapartida, ellos deben tramitar un microcr\u00e9dito y\/o ahorro previo de 1.000.000 guaran\u00edes a una de las cooperativas asociadas al proyecto.<\/p>\n<p>El mejoramiento de vivienda incluye el arreglo de techos, paredes, pisos, ba\u00f1os, separaci\u00f3n de habitaciones, instalaciones de agua potable, desag\u00fce cloacal e instalaciones el\u00e9ctricas o de \u00edndole semejante en hogares que cumplan con condiciones m\u00ednimas de habitabilidad y estructuralmente s\u00f3lidas.<\/p>\n<p>As\u00ed tambi\u00e9n, la ampliaci\u00f3n incluye habitaciones, cocina, ba\u00f1o, instalaciones de agua corriente, desag\u00fce cloacal, instalaciones el\u00e9ctricas o de \u00edndole semejante, pudiendo erigirse nuevas estructuras.<\/p>\n<p><!-- \/wp:paragraph --><\/p>\n<p><!-- wp:html \/--><\/p>\n<p><!-- wp:heading --><\/p>\n\u00a0\n\u00a0\n\u00a0\nZONA DE IMPACTO\n<p><!-- \/wp:heading --><\/p>\n<p><!-- wp:paragraph --><\/p>\n<p>Viviendas localizadas en AMA.<\/p>\n<p><!-- \/wp:paragraph --><\/p>\n<p><!-- wp:paragraph --><\/p>\n<p style=\"text-align: justify\">Asunci\u00f3n, Limpio, Luque, San Antonio, Capiat\u00e1, \u00d1emby, Villa Elisa, Mariano Roque Alonso, San Lorenzo, Lambar\u00e9 y Fernando de la Mora.<\/p>\n<p><!-- \/wp:paragraph --><\/p>\n<p><!-- wp:heading --><\/p>\n\u00bfQU\u00c9\u00a0 ES D\u00c9FICIT CUALITATIVO?\n<p><!-- \/wp:heading --><\/p>\n<p><!-- wp:paragraph --><\/p>\n<p style=\"text-align: justify\">El d\u00e9ficit cualitativo de viviendas abarca a aquellas inadecuadas o construidas con material precario o inestable; as\u00ed como hogares con hacinamiento mitigable o servicios inadecuados.<\/p>\n<p><!-- \/wp:paragraph --><\/p>\n<p><!-- wp:heading --><\/p>\nMEJORAMIENTO DE VIVIENDA\n<p><!-- \/wp:heading --><\/p>\n<p><!-- wp:paragraph --><\/p>\n<p style=\"text-align: justify\">Mejoramiento del techo, paredes, pisos, ba\u00f1o, \u00a0separaci\u00f3n de habitaciones, instalaciones de agua potable, desag\u00fce cloacal e instalaciones el\u00e9ctricas o de \u00edndole semejante en viviendas que cumplan con condiciones m\u00ednimas de habitabilidad y estructuralmente s\u00f3lidas.<\/p>\n<p><!-- \/wp:paragraph --><\/p>\nAMPLIACI\u00d3N DE VIVIENDAS\n<p><!-- wp:heading \/--><\/p>\n<p><!-- wp:paragraph --><\/p>\n<p style=\"text-align: justify\">Ampliaci\u00f3n de habitaciones, cocina, ba\u00f1o, instalaciones de agua corriente, desag\u00fce cloacal, instalaciones el\u00e9ctricas o de \u00edndole semejante, pudiendo erigirse nuevas estructuras en viviendas que cumplen con condiciones m\u00ednimas de habitabilidad y estructuralmente s\u00f3lidas.<\/p>\n<p><!-- \/wp:paragraph --><\/p>\n<p><!-- wp:heading --><\/p>\nCRITERIOS PARA LA SELECCI\u00d3N\n<p><!-- \/wp:heading --><\/p>\n<p><!-- wp:paragraph --><\/p>\n<p>\u00a0<\/p>\n<p>-No superar los Gs. 3,5 Unidades de Salario M\u00ednimo (Gs. 8.012.634), solo o ambos en el caso de tener pareja.\u00a0<\/p>\n<p><!-- \/wp:paragraph --><\/p>\n<p><!-- wp:paragraph \/--><\/p>\n<p><!-- wp:paragraph --><\/p>\n<p>\u2013 Vivienda con d\u00e9ficit cualitativo localizada en AMA.<\/p>\n<p><!-- \/wp:paragraph --><\/p>\n<p><!-- wp:paragraph --><\/p>\n<p>\u2013 Vivienda fuera de zona de riesgo.<\/p>\n<p><!-- \/wp:paragraph --><\/p>\n<p><!-- wp:paragraph --><\/p>\n<p>\u2013 Demostrar posesi\u00f3n del inmueble, (con t\u00edtulo de propiedad a nombre del\/a Interesado\/a, o contrato, o pago del 50% del inmueble)<\/p>\n<p><!-- \/wp:paragraph --><\/p>\n<p><!-- wp:paragraph --><\/p>\n<p><!-- \/wp:paragraph --><\/p>\n<p><!-- wp:paragraph --><\/p>\n<p>\u2013 Microcr\u00e9dito y\/o ahorro previo de 1.000.000<\/p>\n<p><!-- \/wp:paragraph --><\/p>\n<p><!-- wp:paragraph --><\/p>\n<p>\u2013 No haber accedido a otro subsidio similar del Estado.<\/p>\n<p><!-- \/wp:paragraph --><\/p>\nCOSTO DEL PROYECTO\n<p>El costo total del Proyecto en el Componente I, asciende a 10.000.000 USD (catorce millones de d\u00f3lares americanos), financiados con cr\u00e9dito del Banco Interamericano de Desarrollo (BID<\/p>","protected":false},"excerpt":{"rendered":"<p>[ Formulario de inscripci\u00f3n\u00a0 \u00a0 Proyecto AMA El objetivo general del proyecto es contribuir a reducir el&#8230;<\/p>\n","protected":false},"author":1,"featured_media":0,"parent":0,"menu_order":0,"comment_status":"closed","ping_status":"closed","template":"","meta":{"footnotes":""},"class_list":["post-79","page","type-page","status-publish","hentry"],"_links":{"self":[{"href":"https:\/\/www.muvh.gov.py\/mejoramientodeviviendayhabitat\/wp-json\/wp\/v2\/pages\/79","targetHints":{"allow":["GET"]}}],"collection":[{"href":"https:\/\/www.muvh.gov.py\/mejoramientodeviviendayhabitat\/wp-json\/wp\/v2\/pages"}],"about":[{"href":"https:\/\/www.muvh.gov.py\/mejoramientodeviviendayhabitat\/wp-json\/wp\/v2\/types\/page"}],"author":[{"embeddable":true,"href":"https:\/\/www.muvh.gov.py\/mejoramientodeviviendayhabitat\/wp-json\/wp\/v2\/users\/1"}],"replies":[{"embeddable":true,"href":"https:\/\/www.muvh.gov.py\/mejoramientodeviviendayhabitat\/wp-json\/wp\/v2\/comments?post=79"}],"version-history":[{"count":31,"href":"https:\/\/www.muvh.gov.py\/mejoramientodeviviendayhabitat\/wp-json\/wp\/v2\/pages\/79\/revisions"}],"predecessor-version":[{"id":1488,"href":"https:\/\/www.muvh.gov.py\/mejoramientodeviviendayhabitat\/wp-json\/wp\/v2\/pages\/79\/revisions\/1488"}],"wp:attachment":[{"href":"https:\/\/www.muvh.gov.py\/mejoramientodeviviendayhabitat\/wp-json\/wp\/v2\/media?parent=79"}],"curies":[{"name":"wp","href":"https:\/\/api.w.org\/{rel}","templated":true}]}}