{"id":99,"date":"2019-07-31T14:26:15","date_gmt":"2019-07-31T14:26:15","guid":{"rendered":"https:\/\/www.muvh.gov.py\/mejoramientodeviviendayhabitat\/?page_id=99"},"modified":"2021-07-19T15:50:06","modified_gmt":"2021-07-19T15:50:06","slug":"barrio-chacarita-alta","status":"publish","type":"page","link":"https:\/\/www.muvh.gov.py\/mejoramientodeviviendayhabitat\/barrio-chacarita-alta\/","title":{"rendered":"Info Chacarita"},"content":{"rendered":"<div><a href=\"https:\/\/muvh.gov.py\/mejoramientodeviviendayhabitat\/?page_id=1233\">ACCEDE AQU\u00cd A NUESTROS BOLETINES DE INFORMACI\u00d3N PARA LA COMUNIDAD!!<\/a><\/div>\r\n<div class=\"cintillos\" style=\"text-align: center;\">Barrio Chacarita Alta<\/div>\r\n<div><img loading=\"lazy\" decoding=\"async\" class=\" wp-image-333 aligncenter\" src=\"https:\/\/historico.muvh.gov.py\/mejoramientodeviviendayhabitat\/wp-content\/uploads\/sites\/11\/2019\/08\/banner-web_logo-chacarita-alta-600x244-300x122.png\" alt=\"\" width=\"433\" height=\"176\" \/><\/div>\r\n\r\n<p style=\"text-align: justify;\">El Barrio CHACARITA ALTA es uno de los barrios m\u00e1s antiguos de Asunci\u00f3n y seg\u00fan censo del 2016 es habitado aproximadamente por 1000 familias, viviendo en condiciones precarias en lo que respecta a recolecci\u00f3n y tratamiento de residuos cloacales, recolecci\u00f3n de residuos s\u00f3lidos, pavimentaci\u00f3n de calles, iluminaci\u00f3n p\u00fablica y deficiencias de espacios de esparcimiento y escuelas, entre otros equipamientos p\u00fablicos y comunitarios.<\/p>\r\n\r\n\r\n\r\n<p style=\"text-align: justify;\">\u00a0El proyecto de Mejoramiento Integral del barrio Chacarita Alta, tiene como objetivo mejorar la calidad de vida de las familias que lo habitan, a trav\u00e9s del proceso de participaci\u00f3n comunitaria y apoyo a las actividades econ\u00f3micas. Con fondos del pr\u00e9stamo se realizar\u00e1n mejoras, reparaci\u00f3n y ampliaci\u00f3n de las redes de distribuci\u00f3n de agua potable, a su vez la construcci\u00f3n de redes secundarias (o domiciliaras) de alcantarillado sanitario y de drenaje pluvial, fortalecimiento de la distribuci\u00f3n de energ\u00eda el\u00e9ctrica y principalmente, realizar obras de mitigaci\u00f3n de riesgo en los barrancos, apertura y mejoramiento de las v\u00edas internas y de acceso al barrio y mejorar la gesti\u00f3n de residuos s\u00f3lidos.<\/p>\r\n\r\n\r\n\r\n<p style=\"text-align: justify;\">El Proyecto es una propuesta estrat\u00e9gica de consolidaci\u00f3n del barrio a trav\u00e9s de la intervenci\u00f3n integral de su territorio abarcando tres l\u00edneas:<\/p>\r\n\r\n\r\n\r\n<p style=\"text-align: justify;\">\u25cf Una propuesta espacial de dise\u00f1o que responde a la forma f\u00edsica del territorio; con su correspondiente propuesta normativa, que toma como base el Plan Regulador Comunal;\u00a0<\/p>\r\n\r\n\r\n\r\n<p style=\"text-align: justify;\">\u25cf Una propuesta ambiental que busca restaurar y potenciar la infraestructura natural existente; y,<\/p>\r\n\r\n\r\n\r\n<p style=\"text-align: justify;\">\u25cf Una propuesta de gesti\u00f3n social, que implica organizaci\u00f3n a nivel de desarrollo comunitario, y desarrollo socio econ\u00f3mico y cultural.<\/p>\r\n\r\n<div class=\"cintillos\" style=\"text-align: center;\">QUIENES ACCEDEN<\/div>\r\n<p style=\"text-align: justify;\">Familias asentadas en el barrio de Chacarita Alta<\/p>\r\n<div class=\"cintillos\" style=\"text-align: center;\">ZONA DE IMPACTO<\/div>\r\n<div style=\"text-align: justify;\">\r\n<p style=\"text-align: justify;\">El territorio comprendido entre las calles Florencio Villamayor (al norte), la Avda. El Paraguayo Independiente y Manuel Gondra (al sur), la calle Iturbe (al oeste) y las calles M\u00f3mpox y Estados Unidos \u2013 Capit\u00e1n Leguizam\u00f3n (al este), que representa el sector no inundable del barrio.<\/p>\r\n<p>&nbsp;<\/p>\r\n<\/div>\r\n<div class=\"cintillos\" style=\"text-align: center;\">\u00bfEN QU\u00c9 CONSISTE EL MEJORAMIENTO DE BARRIO?<\/div>\r\n<div style=\"text-align: justify;\">\r\n<p>Las principales actividades para el mejoramiento de barrio ser\u00e1n:<\/p>\r\n<p><br \/>\u2013 la instalaci\u00f3n de redes y conexiones domiciliarias de agua potable,<br \/>\u2013 construcci\u00f3n de alcantarillado sanitario,<br \/>\u2013 drenaje pluvial,<br \/>\u2013 acondicionamiento de causes h\u00eddricos,<br \/>\u2013 mejora de accesos al barrio,<br \/>\u2013 extensi\u00f3n de la red de electricidad y alumbrado p\u00fablico,<br \/>\u2013 mitigaci\u00f3n de riesgos, recuperaci\u00f3n y construcci\u00f3n de espacios p\u00fablicos,<br \/>\u2013 construcci\u00f3n de infraestructura y equipamiento,<br \/>\u2013 mejora del manejo y gesti\u00f3n de los residuos s\u00f3lidos,<br \/>\u2013 reasentamiento en el barrio de hogares en zona de riesgo,<br \/>\u2013 apoyo a la formalizaci\u00f3n de terrenos,<br \/>\u2013 iniciativas productivas, entre otros.<\/p>\r\n<\/div>\r\n<div class=\"cintillos\" style=\"text-align: center;\">ETAPAS DEL COMPONENTE SOCIAL<\/div>\r\n<div style=\"text-align: justify;\">\r\n<p><strong><u>Etapa 1<\/u><\/strong>: <strong>Diagn\u00f3stico<\/strong><\/p>\r\n<p style=\"text-align: justify;\"><br \/>Que consiste, primeramente, en el relevamiento de informaci\u00f3n a trav\u00e9s de la aplicaci\u00f3n de un censo para conocer las caracter\u00edsticas de las familias y hogares beneficiarios del Proyecto, y adem\u00e1s prev\u00e9, la elaboraci\u00f3n de un mapa que facilite la informaci\u00f3n exacta y descripci\u00f3n verdadera de la situaci\u00f3n jur\u00eddica de la tierra. La misma posteriormente permitir\u00e1 la elaboraci\u00f3n de un registro permanente y validado por las organizaciones p\u00fablicas involucradas en el Proyecto, por una parte el MUVH y, por la otra, la Municipalidad de Asunci\u00f3n.<\/p>\r\n<p>La etapa de diagn\u00f3stico tambi\u00e9n permite la identificaci\u00f3n del territorio y sus oportunidades.<\/p>\r\n<p><strong><u>Etapa 2<\/u><\/strong><strong>: Planificaci\u00f3n Participativa Comunitaria<\/strong><\/p>\r\n<p>Incorpora procesos a trav\u00e9s de los cuales los miembros del barrio colaboran con ideas y experiencias siendo co-responsables y socios en el desarrollo de su comunidad y del Proyecto.<\/p>\r\n<p><strong><u>Etapa 3<\/u><\/strong><strong>: Implementaci\u00f3n del Plan<\/strong><\/p>\r\n<p><br \/>Se implementar\u00e1n acciones concretas definidas y dise\u00f1adas por la comunidad en los talleres de planificaci\u00f3n participativa<\/p>\r\n<\/div>\r\n<div class=\"cintillos\" style=\"text-align: center;\">TRABAJO INTERINSTITUCIONAL<\/div>\r\n<div style=\"text-align: justify;\">\r\n<p style=\"text-align: justify;\">Participan del trabajo interinstitucional y cooperaci\u00f3n en el proyecto: el MUVH, el Ministerio de Obras P\u00fablicas y Comunicaciones (MOPC), la Municipalidad de Asunci\u00f3n, la Administraci\u00f3n Nacional de Electricidad (ANDE), la Empresa de Servicios Sanitarios del Paraguay S.A (ESSAP) y la ONG H\u00e1bitat para la Humanidad Paraguay en conjunto con el Fondo Multilateral de Inversiones (FOMIN).<\/p>\r\n<\/div>\r\n<div class=\"cintillos\" style=\"text-align: center;\">PRINCIPIOS DE LA INTERVENCI\u00d3N<\/div>\r\n<div style=\"text-align: justify;\">\r\n<ul>\r\n<li>Integral porque se busca dar una soluci\u00f3n completa que resuelva todos los aspectos del entorno urbano que mejoren la calidad de vida de sus habitantes.<\/li>\r\n<li>Participativa porque las obras y servicios ser\u00e1n identificados, priorizados y ejecutados con la amplia participaci\u00f3n de las familias residentes.<\/li>\r\n<li>Intersectorial porque, debido a su integralidad y complejidad, su implementaci\u00f3n requiere la participaci\u00f3n y compromiso del conjunto de entes responsables de cada una de las obras y de la comunidad de la Chacarita Alta.<\/li>\r\n<\/ul>\r\n<\/div>\r\n<div class=\"cintillos\" style=\"text-align: center;\">COSTO DEL PROYECTO<\/div>\r\n<div>\r\n<p style=\"text-align: justify;\">El costo total del Proyecto en el Componente II, asciende a 14.000.000 USD (catorce millones de d\u00f3lares americanos), financiados con cr\u00e9dito del Banco Interamericano de Desarrollo (BID).<\/p>\r\n<\/div>","protected":false},"excerpt":{"rendered":"<p>ACCEDE AQU\u00cd A NUESTROS BOLETINES DE INFORMACI\u00d3N PARA LA COMUNIDAD!! Barrio Chacarita Alta El Barrio CHACARITA ALTA&#8230;<\/p>\n","protected":false},"author":1,"featured_media":0,"parent":0,"menu_order":0,"comment_status":"closed","ping_status":"closed","template":"","meta":{"footnotes":""},"class_list":["post-99","page","type-page","status-publish","hentry"],"_links":{"self":[{"href":"https:\/\/www.muvh.gov.py\/mejoramientodeviviendayhabitat\/wp-json\/wp\/v2\/pages\/99","targetHints":{"allow":["GET"]}}],"collection":[{"href":"https:\/\/www.muvh.gov.py\/mejoramientodeviviendayhabitat\/wp-json\/wp\/v2\/pages"}],"about":[{"href":"https:\/\/www.muvh.gov.py\/mejoramientodeviviendayhabitat\/wp-json\/wp\/v2\/types\/page"}],"author":[{"embeddable":true,"href":"https:\/\/www.muvh.gov.py\/mejoramientodeviviendayhabitat\/wp-json\/wp\/v2\/users\/1"}],"replies":[{"embeddable":true,"href":"https:\/\/www.muvh.gov.py\/mejoramientodeviviendayhabitat\/wp-json\/wp\/v2\/comments?post=99"}],"version-history":[{"count":6,"href":"https:\/\/www.muvh.gov.py\/mejoramientodeviviendayhabitat\/wp-json\/wp\/v2\/pages\/99\/revisions"}],"predecessor-version":[{"id":1418,"href":"https:\/\/www.muvh.gov.py\/mejoramientodeviviendayhabitat\/wp-json\/wp\/v2\/pages\/99\/revisions\/1418"}],"wp:attachment":[{"href":"https:\/\/www.muvh.gov.py\/mejoramientodeviviendayhabitat\/wp-json\/wp\/v2\/media?parent=99"}],"curies":[{"name":"wp","href":"https:\/\/api.w.org\/{rel}","templated":true}]}}