{"id":15,"date":"2013-11-28T13:08:57","date_gmt":"2013-11-28T13:08:57","guid":{"rendered":"http:\/\/www.senavitat.gov.py\/sitiofonavis\/?page_id=15"},"modified":"2022-08-04T19:28:57","modified_gmt":"2022-08-04T19:28:57","slug":"administracion-del-fondo","status":"publish","type":"page","link":"https:\/\/www.muvh.gov.py\/sitiofonavis\/administracion-del-fondo","title":{"rendered":"Administraci\u00f3n del Fondo"},"content":{"rendered":"<p>LA ADMINISTRACI\u00d3N DEL FONAVIS ESTA A CARGO DEL MUVH Y TENDR\u00c1 LAS SIGUIENTES ATRIBUCIONES:<\/p>\n<p><strong>A)<\/strong> Definir las pol\u00edticas generales del fondo y fijar procedimientos para su utilizaci\u00f3n;<\/p>\n<p><strong>B)<\/strong> Priorizar la ejecuci\u00f3n de programas de viviendas para sectores de pobreza y extrema pobreza;<\/p>\n<p><strong>C)<\/strong> Gestionar convenios con organismos nacionales e internacionales, a fin de obtener y acrecentar los recursos del fondo;<\/p>\n<p><strong>D)<\/strong> Fijar los montos a ser desembolsados en funci\u00f3n de los diferentes estratos socioecon\u00f3micos y niveles de subsidio, de acuerdo con los planes y programas que la Instituci\u00f3n ejecute;<\/p>\n<p><strong>E)<\/strong> Fijar y reglamentar procedimientos, caracter\u00edsticas y requisitos que deben reunir las Instituciones u Organizaciones que financien los cr\u00e9ditos complementarios a los subsidios, precautelando el inter\u00e9s social perseguido en esta Ley; y<\/p>\n<p><strong>F)<\/strong> Determinar y Declarar los proyectos a nivel nacional, que formen parte de los programas de Vivienda Social.<\/p>\n","protected":false},"excerpt":{"rendered":"<p>LA ADMINISTRACI\u00d3N DEL FONAVIS ESTA A CARGO DEL MUVH Y TENDR\u00c1 LAS SIGUIENTES ATRIBUCIONES: A) Definir las&#8230;<\/p>\n","protected":false},"author":2,"featured_media":0,"parent":0,"menu_order":20,"comment_status":"open","ping_status":"open","template":"","meta":{"footnotes":""},"class_list":["post-15","page","type-page","status-publish","hentry"],"_links":{"self":[{"href":"https:\/\/www.muvh.gov.py\/sitiofonavis\/wp-json\/wp\/v2\/pages\/15","targetHints":{"allow":["GET"]}}],"collection":[{"href":"https:\/\/www.muvh.gov.py\/sitiofonavis\/wp-json\/wp\/v2\/pages"}],"about":[{"href":"https:\/\/www.muvh.gov.py\/sitiofonavis\/wp-json\/wp\/v2\/types\/page"}],"author":[{"embeddable":true,"href":"https:\/\/www.muvh.gov.py\/sitiofonavis\/wp-json\/wp\/v2\/users\/2"}],"replies":[{"embeddable":true,"href":"https:\/\/www.muvh.gov.py\/sitiofonavis\/wp-json\/wp\/v2\/comments?post=15"}],"version-history":[{"count":1,"href":"https:\/\/www.muvh.gov.py\/sitiofonavis\/wp-json\/wp\/v2\/pages\/15\/revisions"}],"predecessor-version":[{"id":22133,"href":"https:\/\/www.muvh.gov.py\/sitiofonavis\/wp-json\/wp\/v2\/pages\/15\/revisions\/22133"}],"wp:attachment":[{"href":"https:\/\/www.muvh.gov.py\/sitiofonavis\/wp-json\/wp\/v2\/media?parent=15"}],"curies":[{"name":"wp","href":"https:\/\/api.w.org\/{rel}","templated":true}]}}