{"id":16,"date":"2013-11-28T13:14:46","date_gmt":"2013-11-28T13:14:46","guid":{"rendered":"http:\/\/www.senavitat.gov.py\/sitiofonavis\/?page_id=16"},"modified":"2022-08-04T19:57:34","modified_gmt":"2022-08-04T19:57:34","slug":"caracteristicas-del-fondo","status":"publish","type":"page","link":"https:\/\/www.muvh.gov.py\/sitiofonavis\/caracteristicas-del-fondo","title":{"rendered":"Caracter\u00edsticas del Fondo"},"content":{"rendered":"<p>Otorgar Subsidios para la vivienda social<\/p>\n<p><strong>7.1) Componentes del precio de la Soluci\u00f3n Habitacional<\/strong><\/p>\n<p style=\"padding-left: 30px\">A) Subsidio del Estado;<\/p>\n<p style=\"padding-left: 30px\">B) Aporte del Beneficiario (ahorro propio y\/o aporte de mano de obra); y<\/p>\n<p style=\"padding-left: 30px\">C) Cr\u00e9dito Complementario (en caso de ser necesario).<\/p>\n<p><strong>7.2) Mecanismos<\/strong><\/p>\n<p>El SUBSIDIO NACIONAL DE LA VIVIENDA SOCIAL:<\/p>\n<p style=\"padding-left: 30px\">A) Constituye una ayuda estatal, sin cargo de restituci\u00f3n;<\/p>\n<p style=\"padding-left: 30px\">B) Otorgada por una sola vez a los beneficiarios de los programas del MUVH;<\/p>\n<p style=\"padding-left: 30px\">C) Para la adquisici\u00f3n, construcci\u00f3n, ampliaci\u00f3n o mejora de la vivienda, con el fin de posibilitar el acceso a una vivienda digna al beneficiario y su grupo familiar; y<\/p>\n<p style=\"padding-left: 30px\">D) Los subsidios ser\u00e1n otorgados individualmente, como as\u00ed tambi\u00e9n, a nivel de grupos organizados (Organizaciones sociales, Cooperativas, Asociaciones y otros). En caso de grupos organizados, estos deber\u00e1n presentar la documentaci\u00f3n requerida seg\u00fan sea el caso a cada uno de los beneficiarios.<\/p>\n<p><strong>7.3) Niveles de Subsidios<\/strong><\/p>\n<table border=\"0\" width=\"100%\" cellspacing=\"1\" cellpadding=\"2\">\n<tbody>\n<tr>\n<td valign=\"top\" bgcolor=\"#DDDDDD\">\n<p align=\"center\"><strong>VS TIPO<\/strong><\/p>\n<\/td>\n<td valign=\"top\" bgcolor=\"#DDDDDD\">\n<p align=\"center\"><strong>NIVEL<\/strong><\/p>\n<\/td>\n<td valign=\"top\" bgcolor=\"#DDDDDD\">\n<p align=\"center\"><strong>INGRESO FAMILIAR EN USM<\/strong><\/p>\n<\/td>\n<td valign=\"top\" bgcolor=\"#DDDDDD\">\n<p align=\"center\"><strong>NIVEL DE SUBSIDIO<\/strong><br \/>\n<strong>(EN FUNCION AL COSTO DE LA VIVIENDA)<\/strong><\/p>\n<\/td>\n<\/tr>\n<tr>\n<td valign=\"top\" bgcolor=\"#F3F3F3\">\n<p align=\"center\">VE<\/p>\n<\/td>\n<td valign=\"top\" bgcolor=\"#F3F3F3\">\n<p align=\"center\">1<\/p>\n<\/td>\n<td valign=\"top\" bgcolor=\"#F3F3F3\">\n<p align=\"center\">ENTRE 3,5 Y 5,0<\/p>\n<\/td>\n<td valign=\"top\" bgcolor=\"#F3F3F3\">\n<p align=\"center\">15%<\/p>\n<\/td>\n<\/tr>\n<tr>\n<td valign=\"top\" bgcolor=\"#DDDDDD\">\n<p align=\"center\">VIS<\/p>\n<\/td>\n<td valign=\"top\" bgcolor=\"#DDDDDD\">\n<p align=\"center\">2<\/p>\n<\/td>\n<td valign=\"top\" bgcolor=\"#DDDDDD\">\n<p align=\"center\">ENTRE 2,0 Y 3,4<\/p>\n<\/td>\n<td valign=\"top\" bgcolor=\"#DDDDDD\">\n<p align=\"center\">40%<\/p>\n<\/td>\n<\/tr>\n<tr>\n<td valign=\"top\" bgcolor=\"#F3F3F3\">\n<p align=\"center\">VIS<\/p>\n<\/td>\n<td valign=\"top\" bgcolor=\"#F3F3F3\">\n<p align=\"center\">3<\/p>\n<\/td>\n<td valign=\"top\" bgcolor=\"#F3F3F3\">\n<p align=\"center\">ENTRE 1,0 Y 1,9<\/p>\n<\/td>\n<td valign=\"top\" bgcolor=\"#F3F3F3\">\n<p align=\"center\">70%<\/p>\n<\/td>\n<\/tr>\n<tr>\n<td valign=\"top\" bgcolor=\"#DDDDDD\">\n<p align=\"center\">VIS<\/p>\n<\/td>\n<td valign=\"top\" bgcolor=\"#DDDDDD\">\n<p align=\"center\">4<\/p>\n<\/td>\n<td valign=\"top\" bgcolor=\"#DDDDDD\">\n<p align=\"center\">INFERIOR A 1,0<\/p>\n<\/td>\n<td valign=\"top\" bgcolor=\"#DDDDDD\">\n<p align=\"center\">95%<\/p>\n<\/td>\n<\/tr>\n<\/tbody>\n<\/table>\n<p><strong>7.4) Distribuci\u00f3n del Subsidio seg\u00fan Niveles y Soluciones Habitacionales<\/strong><\/p>\n<table border=\"0\" width=\"100%\" cellspacing=\"1\" cellpadding=\"2\">\n<tbody>\n<tr bgcolor=\"#DDDDDD\">\n<td valign=\"top\">\n<p align=\"center\"><strong>NIVEL<\/strong><\/p>\n<\/td>\n<td valign=\"top\">\n<p align=\"center\"><strong>COSTO DE LA VIVIENDA<\/strong><br \/>\n<strong>(GS.)<\/strong><\/p>\n<\/td>\n<td valign=\"top\">\n<p align=\"center\"><strong>%<\/strong><br \/>\n<strong>SUBSIDIO DE VIVIENDA<\/strong><\/p>\n<\/td>\n<td valign=\"top\">\n<p align=\"center\"><strong>SUBSIDIO<\/strong><br \/>\n<strong>EN GS.<\/strong><\/p>\n<\/td>\n<td valign=\"top\">\n<p align=\"center\"><strong>APORTE BENEFICIARIO<\/strong><br \/>\n<strong>EN GS.<\/strong><\/p>\n<\/td>\n<\/tr>\n<tr bgcolor=\"#F3F3F3\">\n<td valign=\"top\">\n<p align=\"center\">1<\/p>\n<\/td>\n<td valign=\"top\">\n<p align=\"center\">221.876.709<\/p>\n<\/td>\n<td valign=\"top\">\n<p align=\"center\">15<\/p>\n<\/td>\n<td valign=\"top\">\n<p align=\"center\">33.281.506<\/p>\n<\/td>\n<td valign=\"top\">\n<p align=\"center\">188.595.203<\/p>\n<\/td>\n<\/tr>\n<tr bgcolor=\"#DDDDDD\">\n<td valign=\"top\">\n<p align=\"center\">2<\/p>\n<\/td>\n<td valign=\"top\">\n<p align=\"center\">163.219.648<\/p>\n<\/td>\n<td valign=\"top\">\n<p align=\"center\">40<\/p>\n<\/td>\n<td valign=\"top\">\n<p align=\"center\">65.287.859<\/p>\n<\/td>\n<td valign=\"top\">\n<p align=\"center\">97.931.789<\/p>\n<\/td>\n<\/tr>\n<tr bgcolor=\"#F3F3F3\">\n<td valign=\"top\">\n<p align=\"center\">3<\/p>\n<\/td>\n<td valign=\"top\">\n<p align=\"center\">108.388.048<\/p>\n<\/td>\n<td valign=\"top\" bgcolor=\"#F3F3F3\">\n<p align=\"center\">70<\/p>\n<\/td>\n<td valign=\"top\">\n<p align=\"center\">75.871.633<\/p>\n<\/td>\n<td valign=\"top\">\n<p align=\"center\">32.516.415<\/p>\n<\/td>\n<\/tr>\n<tr bgcolor=\"#DDDDDD\">\n<td valign=\"top\">\n<p align=\"center\">4<\/p>\n<\/td>\n<td valign=\"top\" bgcolor=\"#DDDDDD\">\n<p align=\"center\">94.794.911<\/p>\n<\/td>\n<td valign=\"top\">\n<p align=\"center\">95<\/p>\n<\/td>\n<td valign=\"top\">\n<p align=\"center\">90.055.166<\/p>\n<\/td>\n<td valign=\"top\">\n<p align=\"center\">4.739.745<\/p>\n<\/td>\n<\/tr>\n<\/tbody>\n<\/table>\n<p><strong>7.5) Rol del Estado<\/strong><\/p>\n<p style=\"padding-left: 30px\">A) Asume su rol social y establece las condiciones para el acceso de los ciudadanos a una vivienda digna; y<\/p>\n<p style=\"padding-left: 30px\">B) Crea un aporte anual directo para subsidiar programas habitacionales y ejecutar una pol\u00edtica habitacional con proyecci\u00f3n a mediano y largo plazo, con recursos estables para planes sustentables.<\/p>\n<p><strong>7.6) Sectores Beneficiados<\/strong><\/p>\n<p>A) Dentro de la l\u00ednea de pobreza: el 39,2 % de los habitantes, alrededor de 507.000 familias;<\/p>\n<p>B) Dentro de la l\u00ednea de extrema pobreza: el 17,1% de la poblaci\u00f3n, alrededor de 220.000 familias; y<\/p>\n<p><strong>7.7) Beneficios Inmediatos<\/strong><\/p>\n<p style=\"padding-left: 30px\">A) Disminuci\u00f3n del d\u00e9ficit habitacional;<\/p>\n<p style=\"padding-left: 30px\">B) Mejoramiento de la calidad de vida de las familias m\u00e1s pobres (focalizaci\u00f3n);<\/p>\n<p style=\"padding-left: 30px\">C) Movilizaci\u00f3n de la industria de la construcci\u00f3n y de la producci\u00f3n de materiales; y<\/p>\n<p style=\"padding-left: 30px\">D) Generaci\u00f3n inmediata de puestos de trabajo.<\/p>\n<p><strong>7.8) Actores Involucrados<\/strong><\/p>\n<p style=\"padding-left: 30px\">A) MUVH: administra el Fondo, establece los programas, reglamentos y procedimientos;<\/p>\n<p style=\"padding-left: 30px\">B) FONAVIS: provee los recursos para los subsidios;<\/p>\n<p style=\"padding-left: 30px\">C) Organizaciones Civiles: organizan la demanda;<\/p>\n<p style=\"padding-left: 30px\">D) Inversionistas: Empresas constructoras y otros organizan la oferta;<\/p>\n<p style=\"padding-left: 30px\">E) SAS: desarrollo humano integral a trav\u00e9s de la promoci\u00f3n social;<\/p>\n<p style=\"padding-left: 30px\">F) Cooperativas, Mutuales, Asociaciones, Entidades Financieras y otros: proveen los cr\u00e9ditos complementarios;<\/p>\n<p style=\"padding-left: 30px\">G) Ministerio de Industria y Comercio: promociona e incentiva la producci\u00f3n de los insumos necesarios para dar respuesta a la demanda generada;<\/p>\n<p style=\"padding-left: 30px\">H) Instituciones P\u00fablicas de Capacitaci\u00f3n (SNNPP, MIC y otros): otorgan capacitaci\u00f3n de la mano de obra requerida para satisfacer la demanda;<\/p>\n<p style=\"padding-left: 30px\">I) Gobiernos Departamentales y Municipales; actores indispensables para la organizaci\u00f3n de la demanda en el marco de su competencia territorial;<\/p>\n<p style=\"padding-left: 30px\">J) Gremios del Sector Privado (UIP, CAPACO, CAPAVI y otros): organizaci\u00f3n de la oferta y la producci\u00f3n; y<\/p>\n<p style=\"padding-left: 30px\">K) Entidades u Organismos de Cooperaci\u00f3n Internacional: brindan asistencia t\u00e9cnica y financiera.<\/p>\n","protected":false},"excerpt":{"rendered":"<p>Otorgar Subsidios para la vivienda social 7.1) Componentes del precio de la Soluci\u00f3n Habitacional A) Subsidio del&#8230;<\/p>\n","protected":false},"author":2,"featured_media":0,"parent":0,"menu_order":19,"comment_status":"open","ping_status":"open","template":"","meta":{"footnotes":""},"class_list":["post-16","page","type-page","status-publish","hentry"],"_links":{"self":[{"href":"https:\/\/www.muvh.gov.py\/sitiofonavis\/wp-json\/wp\/v2\/pages\/16","targetHints":{"allow":["GET"]}}],"collection":[{"href":"https:\/\/www.muvh.gov.py\/sitiofonavis\/wp-json\/wp\/v2\/pages"}],"about":[{"href":"https:\/\/www.muvh.gov.py\/sitiofonavis\/wp-json\/wp\/v2\/types\/page"}],"author":[{"embeddable":true,"href":"https:\/\/www.muvh.gov.py\/sitiofonavis\/wp-json\/wp\/v2\/users\/2"}],"replies":[{"embeddable":true,"href":"https:\/\/www.muvh.gov.py\/sitiofonavis\/wp-json\/wp\/v2\/comments?post=16"}],"version-history":[{"count":3,"href":"https:\/\/www.muvh.gov.py\/sitiofonavis\/wp-json\/wp\/v2\/pages\/16\/revisions"}],"predecessor-version":[{"id":22136,"href":"https:\/\/www.muvh.gov.py\/sitiofonavis\/wp-json\/wp\/v2\/pages\/16\/revisions\/22136"}],"wp:attachment":[{"href":"https:\/\/www.muvh.gov.py\/sitiofonavis\/wp-json\/wp\/v2\/media?parent=16"}],"curies":[{"name":"wp","href":"https:\/\/api.w.org\/{rel}","templated":true}]}}