{"id":2795,"date":"2013-11-15T14:03:45","date_gmt":"2013-11-15T14:03:45","guid":{"rendered":"http:\/\/www.senavitat.gov.py\/sitiofonavis\/?page_id=5"},"modified":"2022-06-09T13:49:40","modified_gmt":"2022-06-09T13:49:40","slug":"que-es-fonavis","status":"publish","type":"page","link":"https:\/\/www.muvh.gov.py\/sitiofonavis\/que-es-fonavis","title":{"rendered":"\u00bfQu\u00e9 es Fonavis?"},"content":{"rendered":"<p>Es la fuente estable de recursos que el Estado establece, para subsidiar programas de Viviendas Sociales y est\u00e1 orientado a disminuir el d\u00e9ficit habitacional en todo el territorio nacional e impulsar la econom\u00eda nacional.<\/p>\n<h2>Misi\u00f3n<\/h2>\n<p>Otorgar subsidios habitacionales a la mayor cantidad de ciudadanos de estratos socio-econ\u00f3micos que requieran una vivienda social, en el territorio nacional y para el mejoramiento de su calidad de vida.<\/p>\n<h2>Visi\u00f3n<\/h2>\n<p>Ser un Programa Habitacional de gran impacto social, que otorgue soluci\u00f3n al problema del d\u00e9ficit.<\/p>\n","protected":false},"excerpt":{"rendered":"<p>Es la fuente estable de recursos que el Estado establece, para subsidiar programas de Viviendas Sociales y&#8230;<\/p>\n","protected":false},"author":2,"featured_media":0,"parent":0,"menu_order":24,"comment_status":"open","ping_status":"open","template":"","meta":{"footnotes":""},"class_list":["post-2795","page","type-page","status-publish","hentry"],"_links":{"self":[{"href":"https:\/\/www.muvh.gov.py\/sitiofonavis\/wp-json\/wp\/v2\/pages\/2795","targetHints":{"allow":["GET"]}}],"collection":[{"href":"https:\/\/www.muvh.gov.py\/sitiofonavis\/wp-json\/wp\/v2\/pages"}],"about":[{"href":"https:\/\/www.muvh.gov.py\/sitiofonavis\/wp-json\/wp\/v2\/types\/page"}],"author":[{"embeddable":true,"href":"https:\/\/www.muvh.gov.py\/sitiofonavis\/wp-json\/wp\/v2\/users\/2"}],"replies":[{"embeddable":true,"href":"https:\/\/www.muvh.gov.py\/sitiofonavis\/wp-json\/wp\/v2\/comments?post=2795"}],"version-history":[{"count":1,"href":"https:\/\/www.muvh.gov.py\/sitiofonavis\/wp-json\/wp\/v2\/pages\/2795\/revisions"}],"predecessor-version":[{"id":22065,"href":"https:\/\/www.muvh.gov.py\/sitiofonavis\/wp-json\/wp\/v2\/pages\/2795\/revisions\/22065"}],"wp:attachment":[{"href":"https:\/\/www.muvh.gov.py\/sitiofonavis\/wp-json\/wp\/v2\/media?parent=2795"}],"curies":[{"name":"wp","href":"https:\/\/api.w.org\/{rel}","templated":true}]}}