{"id":33,"date":"2013-11-28T13:24:34","date_gmt":"2013-11-28T13:24:34","guid":{"rendered":"http:\/\/www.senavitat.gov.py\/sitiofonavis\/?page_id=33"},"modified":"2013-11-28T13:24:34","modified_gmt":"2013-11-28T13:24:34","slug":"modalidades-de-acceso","status":"publish","type":"page","link":"https:\/\/www.muvh.gov.py\/sitiofonavis\/modalidades-de-acceso","title":{"rendered":"Modalidades de Acceso"},"content":{"rendered":"<ul>\n<li><a href=\"www.muvh.gov.py\/sitiofonavis\/wp-content\/uploads\/sites\/4\/2013\/11\/Cuadro-de-Subsidios-USM-2.041.123.pdf\" target=\"_blank\" rel=\"noopener\"><strong>CUADRO DE SUBSIDIOS EN GUARAN\u00cdES<\/strong><\/a><\/li>\n<\/ul>\n<h3 style=\"text-align: center\">INDIVIDUAL<\/h3>\n<p>Quienes pueden acceder al subsidio?<\/p>\n<p><strong>Todos los paraguayos y paraguayas o extranjeros con radicaci\u00f3n permanente en nuestro pa\u00eds, que sean:<\/strong><\/p>\n<ul>\n<li>Mayor de edad,<\/li>\n<li>\u00a0Jefe de familia,<\/li>\n<li>Que no tenga vivienda y que necesite una<\/li>\n<\/ul>\n<p><strong>Documentaciones Requeridas:<\/strong><\/p>\n<ul>\n<li>Fotocopia C I P del postulante<\/li>\n<li>Fotocopia C I P de la pareja<\/li>\n<li>Original Certificado de matrimonio o Certificado de concubinato<\/li>\n<li>Original Certificado de Nacimiento de los hijos<\/li>\n<li>Certificado de Trabajo (trabajadores formales)<\/li>\n<li>Original Declaraci\u00f3n Jurada de Ingresos (trabajadores no formales)<\/li>\n<li>Original Declaraci\u00f3n Jurada de IVA (trabajadores independientes)<\/li>\n<li>Certificado de Discapacitado (PcD)<\/li>\n<li>Certificado de Antecedentes &#8211; Policial del Solicitante y su Pareja.<\/li>\n<\/ul>\n<p>Para Modalidad Compra de Viviendas (Nueva o Usada)<\/p>\n<ul>\n<li>Original Certificado de No poseer inmuebles del solicitante y de su pareja (Direcci\u00f3n General de los Registros P\u00fablicos &#8211; <strong>Avda. Eusebio Ayala c\/ Avda. de la Victoria &#8211; Km 5<\/strong>)<\/li>\n<\/ul>\n<p>Para Modalidad de Edificaci\u00f3n en Lote Propio<\/p>\n<ul>\n<li>Fotocopia del Titulo de Propiedad.<\/li>\n<\/ul>\n<p><strong>Documentaciones requeridas para calificar la vivienda<\/strong><\/p>\n<ul>\n<li>Fotocopia autenticada de la C I P del Propietario del Inmueble<\/li>\n<li>Fotocopia autenticada del T\u00edtulo de Propiedad<\/li>\n<li>Carta Oferta firmada por el Propietario, con datos del Propietario y del Terreno<\/li>\n<li>\n<div>Plano de la Vivienda con las medidas internas de los locales 36 mts2 para nivel 4, 40 mts2 para nivel 3 y 60 mts2 para nivel 1-2.<\/div>\n<\/li>\n<li>Plano Manzanero o de loteamiento que provee la Municipalidad<\/li>\n<li>Croquis de Ubicaci\u00f3n del Inmueble<\/li>\n<li>Fotocopia de la Factura de ANDE o ESSAP<\/li>\n<li>Fotocopia del \u00faltimo pago del Impuesto Inmobiliario<\/li>\n<li>Fotograf\u00eda de la Vivienda: Fondo, Frente, Ba\u00f1o y Cocina<\/li>\n<li>La superficie del terreno no debe superar 450 mts2<\/li>\n<\/ul>\n<p>Observaci\u00f3n: En caso de que la soluci\u00f3n habitacional corresponda a un edificio de departamentos o conjuntos habitacionales, incluir: Fotograf\u00edas de a\u00e9reas comunes: escaleras y\/o ascensores<\/p>\n<h3 style=\"text-align: center\">GRUPOS ORGANIZADOS<\/h3>\n<p>Quienes pueden acceder al subsidio?<\/p>\n<p><strong>Todos los paraguayos y paraguayas o extranjeros con radicaci\u00f3n permanente en nuestro pa\u00eds, que sean:<\/strong><\/p>\n<ul>\n<li>Mayor de edad,<\/li>\n<li>Jefe de familia,<\/li>\n<li>Que no tenga vivienda y que necesite una<\/li>\n<\/ul>\n<p><strong>Documentaciones Requeridas:<\/strong><\/p>\n<ul>\n<li>Fotocopia C I P del postulante<\/li>\n<li>Fotocopia C I P de la pareja<\/li>\n<li>Original Certificado de Nacimiento de los hijos<\/li>\n<li>Original Certificado de No poseer inmuebles (postulante y pareja)<\/li>\n<li>Certificado de Trabajo (trabajadores formales)<\/li>\n<li>Declaraci\u00f3n Jurada de Ingresos (trabajadores no formales)<\/li>\n<li>Declaraci\u00f3n Jurada de Iva (trabajadores independientes)<\/li>\n<li>Original Certificado de matrimonio o Certificado de concubinato<\/li>\n<\/ul>\n","protected":false},"excerpt":{"rendered":"<p>CUADRO DE SUBSIDIOS EN GUARAN\u00cdES INDIVIDUAL Quienes pueden acceder al subsidio? Todos los paraguayos y paraguayas o&#8230;<\/p>\n","protected":false},"author":2,"featured_media":0,"parent":0,"menu_order":18,"comment_status":"open","ping_status":"open","template":"","meta":{"footnotes":""},"class_list":["post-33","page","type-page","status-publish","hentry"],"_links":{"self":[{"href":"https:\/\/www.muvh.gov.py\/sitiofonavis\/wp-json\/wp\/v2\/pages\/33","targetHints":{"allow":["GET"]}}],"collection":[{"href":"https:\/\/www.muvh.gov.py\/sitiofonavis\/wp-json\/wp\/v2\/pages"}],"about":[{"href":"https:\/\/www.muvh.gov.py\/sitiofonavis\/wp-json\/wp\/v2\/types\/page"}],"author":[{"embeddable":true,"href":"https:\/\/www.muvh.gov.py\/sitiofonavis\/wp-json\/wp\/v2\/users\/2"}],"replies":[{"embeddable":true,"href":"https:\/\/www.muvh.gov.py\/sitiofonavis\/wp-json\/wp\/v2\/comments?post=33"}],"version-history":[{"count":0,"href":"https:\/\/www.muvh.gov.py\/sitiofonavis\/wp-json\/wp\/v2\/pages\/33\/revisions"}],"wp:attachment":[{"href":"https:\/\/www.muvh.gov.py\/sitiofonavis\/wp-json\/wp\/v2\/media?parent=33"}],"curies":[{"name":"wp","href":"https:\/\/api.w.org\/{rel}","templated":true}]}}