{"id":38,"date":"2013-11-28T13:28:06","date_gmt":"2013-11-28T13:28:06","guid":{"rendered":"http:\/\/www.senavitat.gov.py\/sitiofonavis\/?page_id=38"},"modified":"2013-11-28T13:28:06","modified_gmt":"2013-11-28T13:28:06","slug":"tipologia","status":"publish","type":"page","link":"https:\/\/www.muvh.gov.py\/sitiofonavis\/tipologia","title":{"rendered":"Tipolog\u00eda"},"content":{"rendered":"<p>Resoluci\u00f3n sobre publicaci\u00f3n de documentaciones relacionadas con proyectos desarrollados\u00a0<a href=\"http:\/\/www.fonavis.gov.py\/descargas\/Publicacion-Documentaciones.pdf\" target=\"_blank\" rel=\"noopener\">(ver)<\/a><\/p>\n<p>Las tipologias presentadas son de proyectos desarrollados por la instituci\u00f3n, que ya cuentan con aprobaci\u00f3n t\u00e9cnica de habitabilidad y constructivas.<br \/>\nSu publicaci\u00f3n no representa que el beneficiario o los organizadores de la demanda puedan presentar otras alternativas.<\/p>\n<ul>\n<li>Planos<\/li>\n<li>Cortes<\/li>\n<li>Fachadas<\/li>\n<li>C\u00f3mputos<\/li>\n<li>Especificaciones T\u00e9cnicas<\/li>\n<li>Estimaciones de Costos<\/li>\n<\/ul>\n","protected":false},"excerpt":{"rendered":"<p>Resoluci\u00f3n sobre publicaci\u00f3n de documentaciones relacionadas con proyectos desarrollados\u00a0(ver) Las tipologias presentadas son de proyectos desarrollados por&#8230;<\/p>\n","protected":false},"author":2,"featured_media":0,"parent":0,"menu_order":17,"comment_status":"open","ping_status":"open","template":"","meta":{"footnotes":""},"class_list":["post-38","page","type-page","status-publish","hentry"],"_links":{"self":[{"href":"https:\/\/www.muvh.gov.py\/sitiofonavis\/wp-json\/wp\/v2\/pages\/38","targetHints":{"allow":["GET"]}}],"collection":[{"href":"https:\/\/www.muvh.gov.py\/sitiofonavis\/wp-json\/wp\/v2\/pages"}],"about":[{"href":"https:\/\/www.muvh.gov.py\/sitiofonavis\/wp-json\/wp\/v2\/types\/page"}],"author":[{"embeddable":true,"href":"https:\/\/www.muvh.gov.py\/sitiofonavis\/wp-json\/wp\/v2\/users\/2"}],"replies":[{"embeddable":true,"href":"https:\/\/www.muvh.gov.py\/sitiofonavis\/wp-json\/wp\/v2\/comments?post=38"}],"version-history":[{"count":0,"href":"https:\/\/www.muvh.gov.py\/sitiofonavis\/wp-json\/wp\/v2\/pages\/38\/revisions"}],"wp:attachment":[{"href":"https:\/\/www.muvh.gov.py\/sitiofonavis\/wp-json\/wp\/v2\/media?parent=38"}],"curies":[{"name":"wp","href":"https:\/\/api.w.org\/{rel}","templated":true}]}}