{"id":23385,"date":"2021-01-27T15:16:33","date_gmt":"2021-01-27T15:16:33","guid":{"rendered":"http:\/\/www.muvh.gov.py\/transparencia\/?page_id=23385"},"modified":"2021-07-02T19:52:42","modified_gmt":"2021-07-02T19:52:42","slug":"transparencia-ley-5282-14","status":"publish","type":"page","link":"https:\/\/www.muvh.gov.py\/transparencia\/transparencia-ley-5282-14\/","title":{"rendered":"Transparencia Ley 5282 14"},"content":{"rendered":"\n<table id=\"tablepress-47\" class=\"tablepress tablepress-id-47\">\n<thead>\n<tr class=\"row-1\">\n\t<th class=\"column-1\">   <\/th>\n<\/tr>\n<\/thead>\n<tbody>\n<tr class=\"row-2\">\n\t<td class=\"column-1\"><a href=\"https:\/\/www.muvh.gov.pyorganigrama\/\" target=\"_blank\" rel=\"noopener\" class=\"btn btn-outline-primary\">a) Estructura Org\u00e1nica<\/a><\/td>\n<\/tr>\n<tr class=\"row-3\">\n\t<td class=\"column-1\"><a href=\"https:\/\/www.muvh.gov.py?post_type=direccion\" target=\"_blank\" rel=\"noopener\" class=\"btn btn-outline-primary\">b) Facultades, deberes, funciones y atribuciones de los \u00f3rganos<\/a><\/td>\n<\/tr>\n<tr class=\"row-4\">\n\t<td class=\"column-1\"><a href=\"https:\/\/www.muvh.gov.py\/transparencia\/\/marco-normativo-y-normas-constitucionales\/\" rel=\"noopener\" target=\"_blank\" class=\"btn btn-outline-primary\">c) Marco normativo y normas constitucionales<\/a><\/td>\n<\/tr>\n<tr class=\"row-5\">\n\t<td class=\"column-1\"><a href=\"https:\/\/arai.muvh.gov.py\/index.php\/s\/n73bBPK7Y4oXT7b\" class=\"btn btn-outline-primary\">d) Descripci\u00f3n General de Funciones y Toma de Decisiones<\/a><\/td>\n<\/tr>\n<tr class=\"row-6\">\n\t<td class=\"column-1\"><a href=\"https:\/\/www.muvh.gov.py\/transparencia\/\/n26\/\" target=\"_blank\" rel=\"noopener\" class=\"btn btn-outline-primary\">e) Listado de Funcionarios<\/td>\n<\/tr>\n<tr class=\"row-7\">\n\t<td class=\"column-1\"><a href=\"https:\/\/www.muvh.gov.py\/transparencia\/\/descripcion-de-la-politica-institucional-y-de-los-planes-de-accion\/\" class=\"btn btn-outline-primary\">f) Descripci\u00f3n de la pol\u00edtica institucional y de los planes de acci\u00f3n<\/a><\/td>\n<\/tr>\n<tr class=\"row-8\">\n\t<td class=\"column-1\"><a href=\"https:\/\/www.muvh.gov.py\/transparencia\/\/descripcion-de-los-programas\/\" target=\"_blank\" rel=\"noopener\" class=\"btn btn-outline-primary\">g) Descripci\u00f3n de los programas<\/a><\/td>\n<\/tr>\n<tr class=\"row-9\">\n\t<td class=\"column-1\"><a href=\"https:\/\/www.muvh.gov.py\/transparencia\/\/informes-de-auditoria-por-ano\/\" target=\"_blank\" rel=\"noopener\" class=\"btn btn-outline-primary\">h) Informes de Auditor\u00eda<\/a><\/td>\n<\/tr>\n<tr class=\"row-10\">\n\t<td class=\"column-1\"><a href=\"https:\/\/www.muvh.gov.py\/transparencia\/\/viatico-2026\/\" target=\"_blank\" rel=\"noopener\" class=\"btn btn-outline-primary\">i) Informes de los viajes oficiales realizados<\/a><\/td>\n<\/tr>\n<tr class=\"row-11\">\n\t<td class=\"column-1\"><a href=\"https:\/\/www.muvh.gov.py\/transparencia\/\/convenios-y-contratos\/\" target=\"_blank\" rel=\"noopener\" class=\"btn btn-outline-primary\">j) Convenios y contratos celebrados<\/a><\/td>\n<\/tr>\n<tr class=\"row-12\">\n\t<td class=\"column-1\"><a href=\"https:\/\/www.muvh.gov.py\/transparencia\/\/?p=23378\" target=\"_blank\" rel=\"noopener\" class=\"btn btn-outline-primary\">k) Cartas Oficiales<\/a><\/td>\n<\/tr>\n<tr class=\"row-13\">\n\t<td class=\"column-1\"><a href=\"https:\/\/www.muvh.gov.py\/transparencia\/\/?p=23380\" target=\"_blank\" rel=\"noopener\" class=\"btn btn-outline-primary\">l) Informes finales de consultor\u00edas<\/a><\/td>\n<\/tr>\n<tr class=\"row-14\">\n\t<td class=\"column-1\"><a href=\"https:\/\/www.muvh.gov.py\/transparencia\/\/cuadros-de-resultados\/\" target=\"_blank\" rel=\"noopener\" class=\"btn btn-outline-primary\">m) Cuadros de resultados<\/a><\/td>\n<\/tr>\n<tr class=\"row-15\">\n\t<td class=\"column-1\"><a href=\"https:\/\/www.muvh.gov.py\/transparencia\/\/listado-de-poderes-vigentes-de-abogados\/\" target=\"_blank\" rel=\"noopener\" class=\"btn btn-outline-primary\">n) Lista de poderes vigentes otorgados a Abogados<\/a><\/td>\n<\/tr>\n<tr class=\"row-16\">\n\t<td class=\"column-1\"><a href=\"https:\/\/arai.muvh.gov.py\/index.php\/s\/of4M6s4PCrj5r2a\" rel=\"noopener\" target=\"_blank\" class=\"btn btn-outline-primary\">o) Sistema de mantenimiento de documentos<\/a><br \/>\n<\/td>\n<\/tr>\n<tr class=\"row-17\">\n\t<td class=\"column-1\"><a href=\"https:\/\/www.muvh.gov.py\/transparencia\/\/descripcion-de-procedimientos-previstos-para-acceder-a-documentos\/\" class=\"btn btn-outline-primary\">p) Descripci\u00f3n de procedimientos previstos para acceder a documentos<\/a><\/td>\n<\/tr>\n<tr class=\"row-18\">\n\t<td class=\"column-1\"><a href=\"https:\/\/arai.muvh.gov.py\/index.php\/s\/gd43bRK2wkxBYj6\" target=\"_blank\" rel=\"noopener\" class=\"btn btn-outline-primary\">q) Mecanismos de Participaci\u00f3n Ciudadana<\/a><\/td>\n<\/tr>\n<tr class=\"row-19\">\n\t<td class=\"column-1\"><a href=\"https:\/\/www.muvh.gov.py\/transparencia\/\/historico-dabys\" target=\"_blank\" rel=\"noopener\" class=\"btn btn-outline-primary\">r) Compras <\/td>\n<\/tr>\n<\/tbody>\n<\/table>\n<!-- #tablepress-47 from cache -->\n","protected":false},"excerpt":{"rendered":"","protected":false},"author":1,"featured_media":0,"parent":0,"menu_order":0,"comment_status":"closed","ping_status":"closed","template":"","meta":{"footnotes":""},"class_list":["post-23385","page","type-page","status-publish","hentry"],"_links":{"self":[{"href":"https:\/\/www.muvh.gov.py\/transparencia\/wp-json\/wp\/v2\/pages\/23385","targetHints":{"allow":["GET"]}}],"collection":[{"href":"https:\/\/www.muvh.gov.py\/transparencia\/wp-json\/wp\/v2\/pages"}],"about":[{"href":"https:\/\/www.muvh.gov.py\/transparencia\/wp-json\/wp\/v2\/types\/page"}],"author":[{"embeddable":true,"href":"https:\/\/www.muvh.gov.py\/transparencia\/wp-json\/wp\/v2\/users\/1"}],"replies":[{"embeddable":true,"href":"https:\/\/www.muvh.gov.py\/transparencia\/wp-json\/wp\/v2\/comments?post=23385"}],"version-history":[{"count":2,"href":"https:\/\/www.muvh.gov.py\/transparencia\/wp-json\/wp\/v2\/pages\/23385\/revisions"}],"predecessor-version":[{"id":23937,"href":"https:\/\/www.muvh.gov.py\/transparencia\/wp-json\/wp\/v2\/pages\/23385\/revisions\/23937"}],"wp:attachment":[{"href":"https:\/\/www.muvh.gov.py\/transparencia\/wp-json\/wp\/v2\/media?parent=23385"}],"curies":[{"name":"wp","href":"https:\/\/api.w.org\/{rel}","templated":true}]}}