{"id":23711,"date":"2021-04-12T18:53:22","date_gmt":"2021-04-12T18:53:22","guid":{"rendered":"https:\/\/www.muvh.gov.py\/transparencia\/?page_id=23711"},"modified":"2022-04-18T16:36:39","modified_gmt":"2022-04-18T16:36:39","slug":"informes-de-auditorias-poi","status":"publish","type":"page","link":"https:\/\/www.muvh.gov.py\/transparencia\/informes-de-auditorias-poi\/","title":{"rendered":"Informes de auditorias POI"},"content":{"rendered":"<p><a href=\"https:\/\/www.muvh.gov.py\/transparencia\/\/wp-content\/uploads\/sites\/3\/2022\/04\/spr-_-STP-reporte-POI-2022.pdf\">A\u00f1o 2022<\/a><\/p>\n<p><a href=\"https:\/\/www.muvh.gov.py\/transparencia\/\/wp-content\/uploads\/sites\/3\/2022\/01\/MCAPH-042.2021.-ANTECEDENTES-POI-2021.pdf\">A\u00f1o 2021 <\/a><\/p>\n<p><a href=\"https:\/\/muvh.gov.py\/sitio\/wp-content\/uploads\/2020\/07\/POI.pdf\">A\u00f1o 2020<\/a><\/p>\n","protected":false},"excerpt":{"rendered":"<p>A\u00f1o 2022 A\u00f1o 2021 A\u00f1o 2020<\/p>\n","protected":false},"author":1,"featured_media":0,"parent":0,"menu_order":0,"comment_status":"closed","ping_status":"closed","template":"","meta":{"footnotes":""},"class_list":["post-23711","page","type-page","status-publish","hentry"],"_links":{"self":[{"href":"https:\/\/www.muvh.gov.py\/transparencia\/wp-json\/wp\/v2\/pages\/23711","targetHints":{"allow":["GET"]}}],"collection":[{"href":"https:\/\/www.muvh.gov.py\/transparencia\/wp-json\/wp\/v2\/pages"}],"about":[{"href":"https:\/\/www.muvh.gov.py\/transparencia\/wp-json\/wp\/v2\/types\/page"}],"author":[{"embeddable":true,"href":"https:\/\/www.muvh.gov.py\/transparencia\/wp-json\/wp\/v2\/users\/1"}],"replies":[{"embeddable":true,"href":"https:\/\/www.muvh.gov.py\/transparencia\/wp-json\/wp\/v2\/comments?post=23711"}],"version-history":[{"count":5,"href":"https:\/\/www.muvh.gov.py\/transparencia\/wp-json\/wp\/v2\/pages\/23711\/revisions"}],"predecessor-version":[{"id":24458,"href":"https:\/\/www.muvh.gov.py\/transparencia\/wp-json\/wp\/v2\/pages\/23711\/revisions\/24458"}],"wp:attachment":[{"href":"https:\/\/www.muvh.gov.py\/transparencia\/wp-json\/wp\/v2\/media?parent=23711"}],"curies":[{"name":"wp","href":"https:\/\/api.w.org\/{rel}","templated":true}]}}