{"id":24639,"date":"2022-06-23T14:46:58","date_gmt":"2022-06-23T14:46:58","guid":{"rendered":"https:\/\/www.muvh.gov.py\/transparencia\/?page_id=24639"},"modified":"2024-02-21T02:42:19","modified_gmt":"2024-02-21T02:42:19","slug":"respuestas-de-aip-varios","status":"publish","type":"page","link":"https:\/\/www.muvh.gov.py\/transparencia\/respuestas-de-aip-varios\/","title":{"rendered":"Respuestas de AIP &#8211; VARIOS"},"content":{"rendered":"\n<table id=\"tablepress-91\" class=\"tablepress tablepress-id-91\">\n<thead>\n<tr class=\"row-1\">\n\t<th class=\"column-1\">DESCRIPCION<\/th><th class=\"column-2\">DESCRIPCION<\/th><th class=\"column-3\">ID<\/th><th class=\"column-4\">A\u00d1O<\/th><th class=\"column-5\">Archivo<\/th>\n<\/tr>\n<\/thead>\n<tbody class=\"row-striping row-hover\">\n<tr class=\"row-2\">\n\t<td class=\"column-1\">1<\/td><td class=\"column-2\">Registro de datos del Barrio Ricardo Brugada-Chacarita de la ciudad de Asunci\u00f3n<\/td><td class=\"column-3\">37904<\/td><td class=\"column-4\">2021<\/td><td class=\"column-5\"><a href=\"https:\/\/www.muvh.gov.py\/transparencia\/\/wp-content\/uploads\/sites\/3\/2022\/06\/Respuesta-Solicitud-37.904-Cecilia-Diaz.pdf\" rel=\"noopener\" target=\"_blank\">Ver archivo<\/a><\/td>\n<\/tr>\n<tr class=\"row-3\">\n\t<td class=\"column-1\">2<\/td><td class=\"column-2\">Proyecto AMA -subsidio dirigido a socios de varias cooperativas, para refacci\u00f3n de viviendas<\/td><td class=\"column-3\">41043<\/td><td class=\"column-4\">2021<\/td><td class=\"column-5\"><a href=\"https:\/\/www.muvh.gov.py\/transparencia\/\/wp-content\/uploads\/sites\/3\/2022\/06\/Respuesta-Solicitud-41.043-Carlos-Ferreira.pdf\" rel=\"noopener\" target=\"_blank\">Ver archivo<\/a><\/td>\n<\/tr>\n<tr class=\"row-4\">\n\t<td class=\"column-1\">3<\/td><td class=\"column-2\">Lista de ministros 2003 a 2018<\/td><td class=\"column-3\">44998<\/td><td class=\"column-4\">2021<\/td><td class=\"column-5\"><a href=\"https:\/\/www.muvh.gov.py\/transparencia\/\/wp-content\/uploads\/sites\/3\/2022\/06\/Respuesta-Solicitud-44998-Alejandro-Ascona.pdf\" rel=\"noopener\" target=\"_blank\">Ver archivo<\/a><\/td>\n<\/tr>\n<tr class=\"row-5\">\n\t<td class=\"column-1\">4<\/td><td class=\"column-2\">Solicitud de Informaci\u00f3n para art\u00edculo sobre Derechos Culturales<\/td><td class=\"column-3\">46503<\/td><td class=\"column-4\">2021<\/td><td class=\"column-5\"><a href=\"https:\/\/www.muvh.gov.py\/transparencia\/\/wp-content\/uploads\/sites\/3\/2022\/06\/Respuesta-Solicitud-46.503-Yemy-Raquel-Aguilera-Ayala.pdf\" rel=\"noopener\" target=\"_blank\">Ver archivo<\/a><\/td>\n<\/tr>\n<tr class=\"row-6\">\n\t<td class=\"column-1\">5<\/td><td class=\"column-2\">Cantidad de ind\u00edgenas funcionarios\/as en el MUVH<\/td><td class=\"column-3\">48465<\/td><td class=\"column-4\">2021<\/td><td class=\"column-5\"><a href=\"https:\/\/www.muvh.gov.py\/transparencia\/\/wp-content\/uploads\/sites\/3\/2022\/06\/Respuesta-Solicitud-AIP-48.465-Maria-Reveca-Chavez.pdf\" rel=\"noopener\" target=\"_blank\">Ver archivo<\/a><\/td>\n<\/tr>\n<tr class=\"row-7\">\n\t<td class=\"column-1\">6<\/td><td class=\"column-2\">DATOS SOBRE EL COMPLEJO HABITACIONAL BARRIO SAN FRANCISCO<\/td><td class=\"column-3\">48514<\/td><td class=\"column-4\">2021<\/td><td class=\"column-5\"><a href=\"https:\/\/www.muvh.gov.py\/transparencia\/\/wp-content\/uploads\/sites\/3\/2022\/06\/Respuesta-Solicitud-48.514-y-48.515-Osmar-Colman.pdf\" rel=\"noopener\" target=\"_blank\">Ver archivo<\/a><\/td>\n<\/tr>\n<tr class=\"row-8\">\n\t<td class=\"column-1\">7<\/td><td class=\"column-2\">Deficit habitacional y Tasa de ocupaci\u00f3n habitacional<\/td><td class=\"column-3\">50383<\/td><td class=\"column-4\">2021<\/td><td class=\"column-5\"><a href=\"https:\/\/www.muvh.gov.py\/transparencia\/\/wp-content\/uploads\/sites\/3\/2022\/06\/Respuesta-Solicitud-50.383-Paz-Davalos.pdf\" rel=\"noopener\" target=\"_blank\">Ver archivo<\/a><\/td>\n<\/tr>\n<tr class=\"row-9\">\n\t<td class=\"column-1\">8<\/td><td class=\"column-2\">Lista completa de asentamientos\/comunidades campesinas de los 17 departamentos<\/td><td class=\"column-3\">52568<\/td><td class=\"column-4\">2022<\/td><td class=\"column-5\"><a href=\"https:\/\/www.muvh.gov.py\/transparencia\/\/wp-content\/uploads\/sites\/3\/2022\/06\/Respuesta-Solicitud-52.568-Susana-Medina.pdf\" rel=\"noopener\" target=\"_blank\">Ver archivo<\/a><\/td>\n<\/tr>\n<tr class=\"row-10\">\n\t<td class=\"column-1\">9<\/td><td class=\"column-2\">Registros hist\u00f3ricos de la creaci\u00f3n del Proyecto habitacional K-CA-001 Capiat\u00e1<\/td><td class=\"column-3\">50407<\/td><td class=\"column-4\">2021<\/td><td class=\"column-5\"><a href=\"https:\/\/www.muvh.gov.py\/transparencia\/\/wp-content\/uploads\/sites\/3\/2022\/10\/Respuesta-Solicitud-50.407-Carla-Alanis-1.pdf\" rel=\"noopener\" target=\"_blank\">Ver archivo<\/a><\/td>\n<\/tr>\n<tr class=\"row-11\">\n\t<td class=\"column-1\">10<\/td><td class=\"column-2\">Registros hist\u00f3ricos de la creaci\u00f3n del Proyecto habitacional K-CA-001 Capiat\u00e1<\/td><td class=\"column-3\">50407<\/td><td class=\"column-4\">2021<\/td><td class=\"column-5\"><a href=\"https:\/\/www.muvh.gov.py\/transparencia\/\/wp-content\/uploads\/sites\/3\/2022\/10\/Respuesta-Solicitud-50.407-Carla-Alanis.pdf\" rel=\"noopener\" target=\"_blank\">Ver archivo<\/a><\/td>\n<\/tr>\n<tr class=\"row-12\">\n\t<td class=\"column-1\">11<\/td><td class=\"column-2\">Subsidio a la adquisici\u00f3n de Vivienda<\/td><td class=\"column-3\">50576<\/td><td class=\"column-4\">2021<\/td><td class=\"column-5\"><a href=\"https:\/\/www.muvh.gov.py\/transparencia\/\/wp-content\/uploads\/sites\/3\/2022\/10\/Respuesta-Solicitud-50.576-Analia-Bogado.pdf\" rel=\"noopener\" target=\"_blank\">Ver archivo<\/a><\/td>\n<\/tr>\n<tr class=\"row-13\">\n\t<td class=\"column-1\">12<\/td><td class=\"column-2\">Lista completa de asentamientos\/comunidades campesinas de los 17 departamentos<\/td><td class=\"column-3\">52568<\/td><td class=\"column-4\">2022<\/td><td class=\"column-5\"><a href=\"https:\/\/www.muvh.gov.py\/transparencia\/\/wp-content\/uploads\/sites\/3\/2022\/10\/Respuesta-Solicitud-52.568-Susana-Medina-2.pdf\" rel=\"noopener\" target=\"_blank\">Ver archivo<\/a><\/td>\n<\/tr>\n<tr class=\"row-14\">\n\t<td class=\"column-1\">13<\/td><td class=\"column-2\">Lista completa de asentamientos\/comunidades campesinas de los 17 departamentos<\/td><td class=\"column-3\">52568<\/td><td class=\"column-4\">2022<\/td><td class=\"column-5\"><a href=\"https:\/\/www.muvh.gov.py\/transparencia\/\/wp-content\/uploads\/sites\/3\/2022\/10\/Respuesta-Solicitud-52.568-Susana-Medina.pdf\" rel=\"noopener\" target=\"_blank\">Ver archivo<\/a><\/td>\n<\/tr>\n<tr class=\"row-15\">\n\t<td class=\"column-1\">14<\/td><td class=\"column-2\">Datos sobre viviendas de Asunci\u00f3n<\/td><td class=\"column-3\">55222<\/td><td class=\"column-4\">2022<\/td><td class=\"column-5\"><a href=\"https:\/\/www.muvh.gov.py\/transparencia\/\/wp-content\/uploads\/sites\/3\/2022\/10\/Respuesta-Solicitud-55.222-Noelia-C.pdf\" rel=\"noopener\" target=\"_blank\">Ver archivo<\/a><\/td>\n<\/tr>\n<tr class=\"row-16\">\n\t<td class=\"column-1\">15<\/td><td class=\"column-2\">Shapefiles Manual Metodol\u00f3gico de Asentamientos<\/td><td class=\"column-3\">56257<\/td><td class=\"column-4\">2022<\/td><td class=\"column-5\"><a href=\"https:\/\/www.muvh.gov.py\/transparencia\/\/wp-content\/uploads\/sites\/3\/2022\/10\/Respuesta-Solicitud-56.257-Silvia-Arevalos.pdf\" rel=\"noopener\" target=\"_blank\">Ver archivo<\/a><\/td>\n<\/tr>\n<tr class=\"row-17\">\n\t<td class=\"column-1\">16<\/td><td class=\"column-2\">Informe sobre obras 2020, 2021 y 2022<\/td><td class=\"column-3\">57100<\/td><td class=\"column-4\">2022<\/td><td class=\"column-5\"><a href=\"https:\/\/www.muvh.gov.py\/transparencia\/\/wp-content\/uploads\/sites\/3\/2022\/10\/Respuesta-Solicitud-57.100-Josue-Congo.pdf\" rel=\"noopener\" target=\"_blank\">Ver archivo<\/a><\/td>\n<\/tr>\n<tr class=\"row-18\">\n\t<td class=\"column-1\">17<\/td><td class=\"column-2\">Cantidad de viviendas construidas en 2020, 2021 y 2022<\/td><td class=\"column-3\">57296<\/td><td class=\"column-4\">2022<\/td><td class=\"column-5\"><a href=\"https:\/\/www.muvh.gov.py\/transparencia\/\/wp-content\/uploads\/sites\/3\/2022\/10\/Respuesta-Solicitud-57.296-Josue-Congo.pdf\" rel=\"noopener\" target=\"_blank\">Ver archivo<\/a><\/td>\n<\/tr>\n<tr class=\"row-19\">\n\t<td class=\"column-1\">18<\/td><td class=\"column-2\">Implementacion de firma digital<\/td><td class=\"column-3\">57624<\/td><td class=\"column-4\">2022<\/td><td class=\"column-5\"><a href=\"https:\/\/www.muvh.gov.py\/transparencia\/\/wp-content\/uploads\/sites\/3\/2022\/10\/Respuesta-Solicitud-57.624-Nathalia-Gimenez.pdf\" rel=\"noopener\" target=\"_blank\">Ver archivo<\/a><\/td>\n<\/tr>\n<tr class=\"row-20\">\n\t<td class=\"column-1\">19<\/td><td class=\"column-2\">Cantidad de familias beneficiarias de programas del Ministerios en los \u00faltimos 5 a\u00f1os, en los departamentos de Concepci\u00f3n, San Pedro y Amambay<\/td><td class=\"column-3\">59322<\/td><td class=\"column-4\">2022<\/td><td class=\"column-5\"><a href=\"https:\/\/www.muvh.gov.py\/transparencia\/\/wp-content\/uploads\/sites\/3\/2022\/10\/Respuesta-Solicitud-59.322-Vidal-Acevedo.pdf\" rel=\"noopener\" target=\"_blank\">Ver archivo<\/a><\/td>\n<\/tr>\n<tr class=\"row-21\">\n\t<td class=\"column-1\">20<\/td><td class=\"column-2\">Proyecto Comision Independecia<\/td><td class=\"column-3\">60864<\/td><td class=\"column-4\">2022<\/td><td class=\"column-5\"><a href=\"https:\/\/www.muvh.gov.py\/transparencia\/\/wp-content\/uploads\/sites\/3\/2022\/10\/Respuesta-Solicitud-60.864-Miryam-Elizabeth-Melgarejo.pdf\" rel=\"noopener\" target=\"_blank\">Ver archivo<\/a><\/td>\n<\/tr>\n<tr class=\"row-22\">\n\t<td class=\"column-1\">21<\/td><td class=\"column-2\">MUVH.CULTURA<\/td><td class=\"column-3\">61003<\/td><td class=\"column-4\">2022<\/td><td class=\"column-5\"><a href=\"https:\/\/www.muvh.gov.py\/transparencia\/\/wp-content\/uploads\/sites\/3\/2022\/10\/Respuesta-Solicitud-61.003-Vladimir-Velazquez.pdf\" rel=\"noopener\" target=\"_blank\">Ver archivo<\/a><\/td>\n<\/tr>\n<\/tbody>\n<\/table>\n<!-- #tablepress-91 from cache -->\n","protected":false},"excerpt":{"rendered":"","protected":false},"author":38,"featured_media":0,"parent":0,"menu_order":0,"comment_status":"closed","ping_status":"closed","template":"","meta":{"footnotes":""},"class_list":["post-24639","page","type-page","status-publish","hentry"],"_links":{"self":[{"href":"https:\/\/www.muvh.gov.py\/transparencia\/wp-json\/wp\/v2\/pages\/24639","targetHints":{"allow":["GET"]}}],"collection":[{"href":"https:\/\/www.muvh.gov.py\/transparencia\/wp-json\/wp\/v2\/pages"}],"about":[{"href":"https:\/\/www.muvh.gov.py\/transparencia\/wp-json\/wp\/v2\/types\/page"}],"author":[{"embeddable":true,"href":"https:\/\/www.muvh.gov.py\/transparencia\/wp-json\/wp\/v2\/users\/38"}],"replies":[{"embeddable":true,"href":"https:\/\/www.muvh.gov.py\/transparencia\/wp-json\/wp\/v2\/comments?post=24639"}],"version-history":[{"count":3,"href":"https:\/\/www.muvh.gov.py\/transparencia\/wp-json\/wp\/v2\/pages\/24639\/revisions"}],"predecessor-version":[{"id":25586,"href":"https:\/\/www.muvh.gov.py\/transparencia\/wp-json\/wp\/v2\/pages\/24639\/revisions\/25586"}],"wp:attachment":[{"href":"https:\/\/www.muvh.gov.py\/transparencia\/wp-json\/wp\/v2\/media?parent=24639"}],"curies":[{"name":"wp","href":"https:\/\/api.w.org\/{rel}","templated":true}]}}