{"id":25607,"date":"2024-02-21T11:03:30","date_gmt":"2024-02-21T11:03:30","guid":{"rendered":"https:\/\/www.muvh.gov.py\/transparencia\/?page_id=25607"},"modified":"2024-02-21T12:25:29","modified_gmt":"2024-02-21T12:25:29","slug":"auditorias-2024","status":"publish","type":"page","link":"https:\/\/www.muvh.gov.py\/transparencia\/auditorias-2024\/","title":{"rendered":"Auditor\u00edas 2024"},"content":{"rendered":"<p><a href=\"https:\/\/www.muvh.gov.py\/transparencia\/\/informes-de-auditoria-de-gestion-2024\/\">Informes de Auditoria de Gesti\u00f3n<\/a><\/p>\n<p><a href=\"https:\/\/www.muvh.gov.py\/transparencia\/\/informes-de-auditoria-externa-2024\/\">Informes de Auditor\u00eda Externa<\/a><\/p>\n<p><a href=\"https:\/\/www.muvh.gov.py\/transparencia\/\/informes-de-auditoria-financiera-2024\/\">Informes de Auditor\u00eda Financiera<\/a><\/p>\n<p><a href=\"https:\/\/www.muvh.gov.py\/transparencia\/\/otros-tecnico-2024\/\">Otros (T\u00e9cnico)<\/a><\/p>\n<p><a href=\"https:\/\/www.muvh.gov.py\/transparencia\/\/planes-de-mejoramiento-2024\/\">Planes de Mejoramiento<\/a><\/p>\n<p><a href=\"https:\/\/www.muvh.gov.py\/transparencia\/\/?page_id=25646&amp;preview=true\">POI<\/a><\/p>\n<p>&nbsp;<\/p>\n","protected":false},"excerpt":{"rendered":"<p>Informes de Auditoria de Gesti\u00f3n Informes de Auditor\u00eda Externa Informes de Auditor\u00eda Financiera Otros (T\u00e9cnico) Planes de&#8230;<\/p>\n","protected":false},"author":38,"featured_media":0,"parent":0,"menu_order":0,"comment_status":"closed","ping_status":"closed","template":"","meta":{"footnotes":""},"class_list":["post-25607","page","type-page","status-publish","hentry"],"_links":{"self":[{"href":"https:\/\/www.muvh.gov.py\/transparencia\/wp-json\/wp\/v2\/pages\/25607","targetHints":{"allow":["GET"]}}],"collection":[{"href":"https:\/\/www.muvh.gov.py\/transparencia\/wp-json\/wp\/v2\/pages"}],"about":[{"href":"https:\/\/www.muvh.gov.py\/transparencia\/wp-json\/wp\/v2\/types\/page"}],"author":[{"embeddable":true,"href":"https:\/\/www.muvh.gov.py\/transparencia\/wp-json\/wp\/v2\/users\/38"}],"replies":[{"embeddable":true,"href":"https:\/\/www.muvh.gov.py\/transparencia\/wp-json\/wp\/v2\/comments?post=25607"}],"version-history":[{"count":12,"href":"https:\/\/www.muvh.gov.py\/transparencia\/wp-json\/wp\/v2\/pages\/25607\/revisions"}],"predecessor-version":[{"id":25647,"href":"https:\/\/www.muvh.gov.py\/transparencia\/wp-json\/wp\/v2\/pages\/25607\/revisions\/25647"}],"wp:attachment":[{"href":"https:\/\/www.muvh.gov.py\/transparencia\/wp-json\/wp\/v2\/media?parent=25607"}],"curies":[{"name":"wp","href":"https:\/\/api.w.org\/{rel}","templated":true}]}}