{"id":26008,"date":"2025-02-21T17:47:44","date_gmt":"2025-02-21T17:47:44","guid":{"rendered":"https:\/\/www.muvh.gov.py\/transparencia\/?page_id=26008"},"modified":"2025-02-21T19:55:01","modified_gmt":"2025-02-21T19:55:01","slug":"auditorias-2025","status":"publish","type":"page","link":"https:\/\/www.muvh.gov.py\/transparencia\/auditorias-2025\/","title":{"rendered":"auditorias-2025"},"content":{"rendered":"<p><a href=\"https:\/\/arai.muvh.gov.py\/index.php\/s\/g2RtqC98GDw5w2x\">Informes de Auditoria de Gesti\u00f3n<\/a><\/p>\n<p><a href=\"https:\/\/arai.muvh.gov.py\/index.php\/s\/gtxgz6w7Jy3GaLG\">Informes de Auditor\u00eda Externa<\/a><\/p>\n<p><a href=\"https:\/\/arai.muvh.gov.py\/index.php\/s\/gq4ZoyNSfWgdgW5\">Informes de Auditor\u00eda Financiera<\/a><\/p>\n<p><a href=\"https:\/\/arai.muvh.gov.py\/index.php\/s\/XxQPrmjcowSFw32\">Otros (T\u00e9cnico)<\/a><\/p>\n<p><a href=\"https:\/\/www.muvh.gov.py\/transparencia\/\/planes-de-mejoramiento-2024\/\">Planes de Mejoramiento<\/a><\/p>\n<p><a href=\"https:\/\/arai.muvh.gov.py\/index.php\/s\/dtYres5HccJQMj9\">POI<\/a><\/p>\n","protected":false},"excerpt":{"rendered":"<p>Informes de Auditoria de Gesti\u00f3n Informes de Auditor\u00eda Externa Informes de Auditor\u00eda Financiera Otros (T\u00e9cnico) Planes de&#8230;<\/p>\n","protected":false},"author":1,"featured_media":0,"parent":0,"menu_order":0,"comment_status":"closed","ping_status":"closed","template":"","meta":{"footnotes":""},"class_list":["post-26008","page","type-page","status-publish","hentry"],"_links":{"self":[{"href":"https:\/\/www.muvh.gov.py\/transparencia\/wp-json\/wp\/v2\/pages\/26008","targetHints":{"allow":["GET"]}}],"collection":[{"href":"https:\/\/www.muvh.gov.py\/transparencia\/wp-json\/wp\/v2\/pages"}],"about":[{"href":"https:\/\/www.muvh.gov.py\/transparencia\/wp-json\/wp\/v2\/types\/page"}],"author":[{"embeddable":true,"href":"https:\/\/www.muvh.gov.py\/transparencia\/wp-json\/wp\/v2\/users\/1"}],"replies":[{"embeddable":true,"href":"https:\/\/www.muvh.gov.py\/transparencia\/wp-json\/wp\/v2\/comments?post=26008"}],"version-history":[{"count":4,"href":"https:\/\/www.muvh.gov.py\/transparencia\/wp-json\/wp\/v2\/pages\/26008\/revisions"}],"predecessor-version":[{"id":26052,"href":"https:\/\/www.muvh.gov.py\/transparencia\/wp-json\/wp\/v2\/pages\/26008\/revisions\/26052"}],"wp:attachment":[{"href":"https:\/\/www.muvh.gov.py\/transparencia\/wp-json\/wp\/v2\/media?parent=26008"}],"curies":[{"name":"wp","href":"https:\/\/api.w.org\/{rel}","templated":true}]}}