{"id":26270,"date":"2026-02-24T13:52:36","date_gmt":"2026-02-24T13:52:36","guid":{"rendered":"https:\/\/www.muvh.gov.py\/transparencia\/?page_id=26270"},"modified":"2026-02-25T16:48:51","modified_gmt":"2026-02-25T16:48:51","slug":"auditorias-2026","status":"publish","type":"page","link":"https:\/\/www.muvh.gov.py\/transparencia\/auditorias-2026\/","title":{"rendered":"Auditorias &#8211; 2026"},"content":{"rendered":"<p><a href=\"https:\/\/arai.muvh.gov.py\/index.php\/s\/9j2MzinY3wLbqjX\">Informes de Auditoria de Gesti\u00f3n<\/a><\/p>\n<p><a href=\"https:\/\/arai.muvh.gov.py\/index.php\/s\/B924ZnHqEwqoq9c\">Informes de Auditor\u00eda Externa<\/a><\/p>\n<p><a href=\"https:\/\/arai.muvh.gov.py\/index.php\/s\/ndDiJZ55dt8TWKz\">Informes de Auditor\u00eda Financiera<\/a><\/p>\n<p><a href=\"https:\/\/arai.muvh.gov.py\/index.php\/s\/Yp984pL7zBDLi2R\">Otros (T\u00e9cnico)<\/a><\/p>\n<p><a href=\"https:\/\/arai.muvh.gov.py\/index.php\/s\/Q8naTzEwfKPwLH6\">Planes de Mejoramiento<\/a><\/p>\n<p><a href=\"https:\/\/arai.muvh.gov.py\/index.php\/s\/rxneiTFMkdyLwgb\">POI<\/a><\/p>\n","protected":false},"excerpt":{"rendered":"<p>Informes de Auditoria de Gesti\u00f3n Informes de Auditor\u00eda Externa Informes de Auditor\u00eda Financiera Otros (T\u00e9cnico) Planes de&#8230;<\/p>\n","protected":false},"author":1,"featured_media":0,"parent":0,"menu_order":0,"comment_status":"closed","ping_status":"closed","template":"","meta":{"footnotes":""},"class_list":["post-26270","page","type-page","status-publish","hentry"],"_links":{"self":[{"href":"https:\/\/www.muvh.gov.py\/transparencia\/wp-json\/wp\/v2\/pages\/26270","targetHints":{"allow":["GET"]}}],"collection":[{"href":"https:\/\/www.muvh.gov.py\/transparencia\/wp-json\/wp\/v2\/pages"}],"about":[{"href":"https:\/\/www.muvh.gov.py\/transparencia\/wp-json\/wp\/v2\/types\/page"}],"author":[{"embeddable":true,"href":"https:\/\/www.muvh.gov.py\/transparencia\/wp-json\/wp\/v2\/users\/1"}],"replies":[{"embeddable":true,"href":"https:\/\/www.muvh.gov.py\/transparencia\/wp-json\/wp\/v2\/comments?post=26270"}],"version-history":[{"count":3,"href":"https:\/\/www.muvh.gov.py\/transparencia\/wp-json\/wp\/v2\/pages\/26270\/revisions"}],"predecessor-version":[{"id":26445,"href":"https:\/\/www.muvh.gov.py\/transparencia\/wp-json\/wp\/v2\/pages\/26270\/revisions\/26445"}],"wp:attachment":[{"href":"https:\/\/www.muvh.gov.py\/transparencia\/wp-json\/wp\/v2\/media?parent=26270"}],"curies":[{"name":"wp","href":"https:\/\/api.w.org\/{rel}","templated":true}]}}